{"id":1372,"date":"2022-07-14T09:29:14","date_gmt":"2022-07-14T09:29:14","guid":{"rendered":"https:\/\/gabimedi.com\/diagnostico-la-selva\/"},"modified":"2022-10-04T08:52:56","modified_gmt":"2022-10-04T08:52:56","slug":"diagnostico-la-selva","status":"publish","type":"page","link":"https:\/\/gabimedi.com\/es\/diagnostico-la-selva\/","title":{"rendered":"Diagn\u00f3stico la Selva"},"content":{"rendered":"<div class=\"content_centered_logo\"><img decoding=\"async\" src=\"https:\/\/gabimedi.com\/wp-content\/uploads\/2022\/07\/logo-diagnostic.png\"><\/div>\n<h1 class=\"title_centered\">Alta tecnolog\u00eda al servicio de tu salud.<\/h1>\n<p class=\"title_centered\">Tenemos el objetivo de poner a disposici\u00f3n del paciente y del profesional M\u00e9dico la mejor tecnolog\u00eda y calidad en diagn\u00f3stico por la imagen.<\/p>\n<p class=\"title_centered\">Ofrecemos al paciente no tener que desplazarse a grandes ciudades para disponer de la mejor tecnolog\u00eda en diagn\u00f3stico, ni incurrir en p\u00e9rdidas de tiempo innecesarias por la recogida de resultados, puesto que ponemos a disposici\u00f3n del paciente y del profesional m\u00e9dico una plataforma de descarga de resultados e im\u00e1genes v\u00eda web, que facilita la recogida de \u00e9stos.<\/p>\n<p>&nbsp;<br \/>\n&nbsp;<\/p>\n<section class=\"center-main-content-wrapper\">\n<div class=\"container\">\n<div class=\"row \">\n<div class=\"col-12 col-md-6\">\n<h3>RMN abierta<\/h3>\n<p>Es una t\u00e9cnica de estudio diagn\u00f3stico, no invasiva que utiliza el fen\u00f3meno de los campos magn\u00e9ticos nucleares generados a partir de unos imanes, para obtener informaci\u00f3n sobre la estructura y composici\u00f3n de la parte del cuerpo a analizar: sea partes musculares, esquel\u00e9ticas o \u00f3rganos vitales.<\/p>\n<h3>TAC M\u00c9DICO<\/h3>\n<p>Es un examen m\u00e9dico que reproduce m\u00faltiples im\u00e1genes del interior del cuerpo. A trav\u00e9s de un monitor conectado a una m\u00e1quina de rayos X se previsualizan las im\u00e1genes detalladas del cuerpo. Es un procedimiento indoloro y una t\u00e9cnica no invasiva y precisa. Adem\u00e1s, permite observar con mayor detalle los \u00f3rganos internos, vasos sangu\u00edneos, huesos y tejidos blandos que los ex\u00e1menes convencionales de rayos X.<\/p>\n<h3>TAC DENTAL<\/h3>\n<p>El TAC dental es una prueba diagn\u00f3stica que sirve para tomar im\u00e1genes tridimensionales de las estructuras nerviosas, dientes y huesos craneofaciales. Las im\u00e1genes obtenidas en una sola exploraci\u00f3n ayudan a planificar de una forma m\u00e1s precisa el tratamiento dental.<\/p>\n<h3>RX<\/h3>\n<p>T\u00e9cnica diagn\u00f3stica exploratoria que consiste en someter una parte del cuerpo a la acci\u00f3n de los rayos X para obtener una imagen sobre una placa fotogr\u00e1fica o en formato digital.<\/p>\n<\/div>\n<div class=\"col-12 col-md-6\">\n<h3>MAMOGRAF\u00cdAS &#8211; TOMOSINTESIS<\/h3>\n<p>La mamograf\u00eda consiste en una exploraci\u00f3n diagn\u00f3stica de imagen por rayos X de la gl\u00e1ndula mamaria. Los mam\u00f3grafos disponen de tubos de emisi\u00f3n de rayos X especialmente adaptados para conseguir la mayor resoluci\u00f3n posible en la visualizaci\u00f3n de las estructuras fibroepiteliales internas de la gl\u00e1ndula mamaria.<\/p>\n<p>En Gabimedi Blanes disponemos adem\u00e1s de la tecnolog\u00eda de TOMOSINTESIS (mamograf\u00eda en 3D) que es una forma avanzada de mamograf\u00eda, un tipo espec\u00edfico de toma de im\u00e1genes del seno que utiliza dosis bajas de rayos X para detectar el c\u00e1ncer en forma temprana, cuando el c\u00e1ncer es m\u00e1s tratable.<\/p>\n<h3>DENSITOMETRIA<\/h3>\n<p>La densitometr\u00eda \u00f3sea es una prueba para determinar la densidad mineral \u00f3sea. Se realiza mediante la utilizaci\u00f3n de tecnolog\u00eda de RX. Sirve para el diagn\u00f3stico de osteoporosis. El test se realiza con el aparato que mide las im\u00e1genes y da una cifra de la cantidad mineral \u00f3sea por superficie.<\/p>\n<h3>ECOGRAFIAS<\/h3>\n<p>Una ecograf\u00eda es una prueba de diagn\u00f3stico por im\u00e1genes. Utiliza ondas de sonido de alta frecuencia para producir im\u00e1genes de los \u00f3rganos internos. Las ondas sonoras se env\u00edan y rebotan cuando alcanzan los \u00f3rganos. De esta forma se realizan estudios diagn\u00f3sticos de morfolog\u00eda m\u00fasculo-esquel\u00e9tico as\u00ed como de \u00f3rganos internos.<\/p>\n<\/div>\n<\/div>\n<\/div>\n<p>&nbsp;<br \/>\n&nbsp;<\/p>\n<div class=\"container\">\n<div class=\"row\">\n<p><img decoding=\"async\" class=\"img-fluid\" src=\"https:\/\/gabimedi.com\/wp-content\/uploads\/2022\/07\/collage-diagnostic.jpg\"><\/p>\n<\/div>\n<\/div>\n<\/section>\n","protected":false},"excerpt":{"rendered":"<p>Alta tecnolog\u00eda al servicio de tu salud. Tenemos el objetivo de poner a disposici\u00f3n del paciente y del profesional M\u00e9dico la mejor tecnolog\u00eda y calidad en diagn\u00f3stico por la imagen. Ofrecemos al paciente no tener que desplazarse a grandes ciudades para disponer de la mejor tecnolog\u00eda en diagn\u00f3stico, ni incurrir en p\u00e9rdidas de tiempo innecesarias [&hellip;]<\/p>\n","protected":false},"author":2,"featured_media":652,"parent":0,"menu_order":0,"comment_status":"closed","ping_status":"closed","template":"templates\/generic-pages.php","meta":{"footnotes":""},"acf":[],"yoast_head":"<!-- This site is optimized with the Yoast SEO plugin v19.7.1 - https:\/\/yoast.com\/wordpress\/plugins\/seo\/ -->\n<title>Diagn\u00f3stico la Selva - Gabimedi<\/title>\n<meta name=\"robots\" content=\"index, follow, max-snippet:-1, max-image-preview:large, max-video-preview:-1\" \/>\n<link rel=\"canonical\" href=\"https:\/\/gabimedi.com\/diagnostico-la-selva\/?lang=es\" \/>\n<meta property=\"og:locale\" content=\"es_ES\" \/>\n<meta property=\"og:type\" content=\"article\" \/>\n<meta property=\"og:title\" content=\"Diagn\u00f3stico la Selva - Gabimedi\" \/>\n<meta property=\"og:description\" content=\"Alta tecnolog\u00eda al servicio de tu salud. Tenemos el objetivo de poner a disposici\u00f3n del paciente y del profesional M\u00e9dico la mejor tecnolog\u00eda y calidad en diagn\u00f3stico por la imagen. Ofrecemos al paciente no tener que desplazarse a grandes ciudades para disponer de la mejor tecnolog\u00eda en diagn\u00f3stico, ni incurrir en p\u00e9rdidas de tiempo innecesarias [&hellip;]\" \/>\n<meta property=\"og:url\" content=\"https:\/\/gabimedi.com\/diagnostico-la-selva\/?lang=es\" \/>\n<meta property=\"og:site_name\" content=\"Gabimedi\" \/>\n<meta property=\"article:modified_time\" content=\"2022-10-04T08:52:56+00:00\" \/>\n<meta property=\"og:image\" content=\"https:\/\/gabimedi.com\/wp-content\/uploads\/2022\/07\/diagnostic-banner.jpg\" \/>\n\t<meta property=\"og:image:width\" content=\"1776\" \/>\n\t<meta property=\"og:image:height\" content=\"628\" \/>\n\t<meta property=\"og:image:type\" content=\"image\/jpeg\" \/>\n<meta name=\"twitter:card\" content=\"summary_large_image\" \/>\n<meta name=\"twitter:label1\" content=\"Tiempo de lectura\" \/>\n\t<meta name=\"twitter:data1\" content=\"3 minutos\" \/>\n<script type=\"application\/ld+json\" class=\"yoast-schema-graph\">{\"@context\":\"https:\/\/schema.org\",\"@graph\":[{\"@type\":\"WebPage\",\"@id\":\"https:\/\/gabimedi.com\/diagnostico-la-selva\/?lang=es\",\"url\":\"https:\/\/gabimedi.com\/diagnostico-la-selva\/?lang=es\",\"name\":\"Diagn\u00f3stico la Selva - Gabimedi\",\"isPartOf\":{\"@id\":\"https:\/\/gabimedi.com\/#website\"},\"datePublished\":\"2022-07-14T09:29:14+00:00\",\"dateModified\":\"2022-10-04T08:52:56+00:00\",\"breadcrumb\":{\"@id\":\"https:\/\/gabimedi.com\/diagnostico-la-selva\/?lang=es#breadcrumb\"},\"inLanguage\":\"es\",\"potentialAction\":[{\"@type\":\"ReadAction\",\"target\":[\"https:\/\/gabimedi.com\/diagnostico-la-selva\/?lang=es\"]}]},{\"@type\":\"BreadcrumbList\",\"@id\":\"https:\/\/gabimedi.com\/diagnostico-la-selva\/?lang=es#breadcrumb\",\"itemListElement\":[{\"@type\":\"ListItem\",\"position\":1,\"name\":\"Inici\",\"item\":\"https:\/\/gabimedi.com\/es\/\"},{\"@type\":\"ListItem\",\"position\":2,\"name\":\"Diagn\u00f3stico la Selva\"}]},{\"@type\":\"WebSite\",\"@id\":\"https:\/\/gabimedi.com\/#website\",\"url\":\"https:\/\/gabimedi.com\/\",\"name\":\"Gabimedi\",\"description\":\"Centres m\u00e8dics i dentals\",\"potentialAction\":[{\"@type\":\"SearchAction\",\"target\":{\"@type\":\"EntryPoint\",\"urlTemplate\":\"https:\/\/gabimedi.com\/?s={search_term_string}\"},\"query-input\":\"required name=search_term_string\"}],\"inLanguage\":\"es\"}]}<\/script>\n<!-- \/ Yoast SEO plugin. -->","yoast_head_json":{"title":"Diagn\u00f3stico la Selva - Gabimedi","robots":{"index":"index","follow":"follow","max-snippet":"max-snippet:-1","max-image-preview":"max-image-preview:large","max-video-preview":"max-video-preview:-1"},"canonical":"https:\/\/gabimedi.com\/diagnostico-la-selva\/?lang=es","og_locale":"es_ES","og_type":"article","og_title":"Diagn\u00f3stico la Selva - Gabimedi","og_description":"Alta tecnolog\u00eda al servicio de tu salud. Tenemos el objetivo de poner a disposici\u00f3n del paciente y del profesional M\u00e9dico la mejor tecnolog\u00eda y calidad en diagn\u00f3stico por la imagen. Ofrecemos al paciente no tener que desplazarse a grandes ciudades para disponer de la mejor tecnolog\u00eda en diagn\u00f3stico, ni incurrir en p\u00e9rdidas de tiempo innecesarias [&hellip;]","og_url":"https:\/\/gabimedi.com\/diagnostico-la-selva\/?lang=es","og_site_name":"Gabimedi","article_modified_time":"2022-10-04T08:52:56+00:00","og_image":[{"width":1776,"height":628,"url":"https:\/\/gabimedi.com\/wp-content\/uploads\/2022\/07\/diagnostic-banner.jpg","type":"image\/jpeg"}],"twitter_card":"summary_large_image","twitter_misc":{"Tiempo de lectura":"3 minutos"},"schema":{"@context":"https:\/\/schema.org","@graph":[{"@type":"WebPage","@id":"https:\/\/gabimedi.com\/diagnostico-la-selva\/?lang=es","url":"https:\/\/gabimedi.com\/diagnostico-la-selva\/?lang=es","name":"Diagn\u00f3stico la Selva - Gabimedi","isPartOf":{"@id":"https:\/\/gabimedi.com\/#website"},"datePublished":"2022-07-14T09:29:14+00:00","dateModified":"2022-10-04T08:52:56+00:00","breadcrumb":{"@id":"https:\/\/gabimedi.com\/diagnostico-la-selva\/?lang=es#breadcrumb"},"inLanguage":"es","potentialAction":[{"@type":"ReadAction","target":["https:\/\/gabimedi.com\/diagnostico-la-selva\/?lang=es"]}]},{"@type":"BreadcrumbList","@id":"https:\/\/gabimedi.com\/diagnostico-la-selva\/?lang=es#breadcrumb","itemListElement":[{"@type":"ListItem","position":1,"name":"Inici","item":"https:\/\/gabimedi.com\/es\/"},{"@type":"ListItem","position":2,"name":"Diagn\u00f3stico la Selva"}]},{"@type":"WebSite","@id":"https:\/\/gabimedi.com\/#website","url":"https:\/\/gabimedi.com\/","name":"Gabimedi","description":"Centres m\u00e8dics i dentals","potentialAction":[{"@type":"SearchAction","target":{"@type":"EntryPoint","urlTemplate":"https:\/\/gabimedi.com\/?s={search_term_string}"},"query-input":"required name=search_term_string"}],"inLanguage":"es"}]}},"_links":{"self":[{"href":"https:\/\/gabimedi.com\/es\/wp-json\/wp\/v2\/pages\/1372"}],"collection":[{"href":"https:\/\/gabimedi.com\/es\/wp-json\/wp\/v2\/pages"}],"about":[{"href":"https:\/\/gabimedi.com\/es\/wp-json\/wp\/v2\/types\/page"}],"author":[{"embeddable":true,"href":"https:\/\/gabimedi.com\/es\/wp-json\/wp\/v2\/users\/2"}],"replies":[{"embeddable":true,"href":"https:\/\/gabimedi.com\/es\/wp-json\/wp\/v2\/comments?post=1372"}],"version-history":[{"count":9,"href":"https:\/\/gabimedi.com\/es\/wp-json\/wp\/v2\/pages\/1372\/revisions"}],"predecessor-version":[{"id":1536,"href":"https:\/\/gabimedi.com\/es\/wp-json\/wp\/v2\/pages\/1372\/revisions\/1536"}],"wp:featuredmedia":[{"embeddable":true,"href":"https:\/\/gabimedi.com\/es\/wp-json\/wp\/v2\/media\/652"}],"wp:attachment":[{"href":"https:\/\/gabimedi.com\/es\/wp-json\/wp\/v2\/media?parent=1372"}],"curies":[{"name":"wp","href":"https:\/\/api.w.org\/{rel}","templated":true}]}}