{"id":195,"date":"2022-05-19T09:10:44","date_gmt":"2022-05-19T09:10:44","guid":{"rendered":"https:\/\/gabimedi.com\/sobre-nosaltres\/"},"modified":"2022-10-05T09:56:32","modified_gmt":"2022-10-05T09:56:32","slug":"sobre-nosotros","status":"publish","type":"page","link":"https:\/\/gabimedi.com\/es\/sobre-nosotros\/","title":{"rendered":"Sobre nosotros"},"content":{"rendered":"<div class=\"content_centered_logo\"><img decoding=\"async\" src=\"https:\/\/gabimedi.com\/wp-content\/uploads\/2022\/07\/logo-gabemedi-b.png\"><\/div>\n<h1 class=\"title_centered\">Servicios de salud, diagn\u00f3stico y atenci\u00f3n sanitaria en todos los niveles.<\/h1>\n<section class=\"center-main-content-wrapper\">\n<div class=\"container about-us\">\n        <!-- ROW --><\/p>\n<div class=\"row about-us-row bg-right\" style=\"background-image:url('https:\/\/gabimedi.com\/wp-content\/uploads\/2022\/07\/missio-1.jpg')\">\n<div class=\"col-12 col-lg-7 about-us-text bg-color-1\">\n<h2>MISI\u00d3N<\/h2>\n<p>Nuestra misi\u00f3n es cuidar de la salud de las personas, poniendo a su disposici\u00f3n servicios sanitarios de m\u00e1xima calidad y avanzados medios tecnol\u00f3gicos.<\/p>\n<p>Buscamos siempre desarrollar nuestra actividad con la m\u00e1xima profesionalidad, respeto y discreci\u00f3n hacia el paciente.<\/p>\n<p>Mediante las distintas especialidades, queremos tener una visi\u00f3n integral de cada paciente, para que pueda tener el mejor diagn\u00f3stico y asistencia m\u00e9dica con un servicio preciso, sensato y humano.<\/p>\n<\/div>\n<div class=\"col-12 col-lg-5\"><\/div>\n<\/div>\n<p><!-- END ROW --><br \/>\n<!-- ROW --><\/p>\n<div class=\"row about-us-row bg-left\" style=\"background-image:url('https:\/\/gabimedi.com\/wp-content\/uploads\/2022\/07\/visio-1.jpg')\">\n<div class=\"col-12 col-lg-7 order-lg-2 about-us-text bg-color-2\">\n<h2>VISI\u00d3N<\/h2>\n<p>Seguir dando con igual eficacia y eficiencia los mejores servicios de salud, diagn\u00f3stico y atenci\u00f3n a todos los niveles, desde aspectos f\u00edsicos a ps\u00edquicos y englobando a todos los segmentos de la poblaci\u00f3n.<\/p>\n<p>Queremos ser centros m\u00e9dicos de referencia de la Costa Brava Sur y La Selva-Mar\u00edtima, reconocidos por nuestros pacientes, clientes y profesionales como una empresa familiar excelente, eficiente y responsable, comprometida con la salud y el bienestar de las personas y familias de las poblaciones que nos rodean.<\/p>\n<p>Asimismo creemos en una empresa constante en el tiempo y que se consolida gracias al trabajo y compromiso de nuestra gente, haciendo aflorar a diario el sentimiento de comunidad y pertenencia, que nos caracteriza como empresa.<\/p>\n<\/div>\n<div class=\"col-12 col-lg-5 order-lg-1\"><\/div>\n<\/div>\n<p><!-- END ROW --><br \/>\n<!-- ROW --><\/p>\n<div class=\"row about-us-row bg-right\" style=\"background-image:url('https:\/\/gabimedi.com\/wp-content\/uploads\/2022\/07\/valors-1.jpg')\">\n<div class=\"col-12 col-lg-6 about-us-text bg-color-3\">\n<h2>VALORES<\/h2>\n<ul>\n<li>Compromiso<\/li>\n<li>Equipo<\/li>\n<li>Empat\u00eda<\/li>\n<li>Honestidad<\/li>\n<li>Constancia<\/li>\n<li>Vocaci\u00f3n<\/li>\n<li>Comunidad<\/li>\n<\/ul>\n<p>&nbsp;<\/p>\n<p>&nbsp;<\/p>\n<\/div>\n<\/div>\n<\/div>\n<p>&nbsp;<\/p>\n<p>&nbsp;<br \/>\n&nbsp;<\/p>\n<p>&nbsp;<\/p>\n<div class=\"content_centered_logo\"><img decoding=\"async\" src=\"https:\/\/gabimedi.com\/wp-content\/uploads\/2022\/07\/logo-gabemedi-b.png\"><\/div>\n<h1 class=\"title_centered \">Servicios sanitarios especializados, de calidad y proximidad.<\/h1>\n<div class=\"container our-centers\">\n        <!-- ROW --><\/p>\n<div class=\"row\">\n<div class=\"col-12 col-md-6\">\n<p><b>GABIMEDI <\/b>nace en 1996 en <b>SANTA COLOMA DE FARNERS<\/b> como centro sanitario, con la intenci\u00f3n de dar cobertura m\u00e9dica de calidad y de proximidad, a un territorio donde NO hab\u00eda presencia de sanidad privada y donde nuestra poblaci\u00f3n demandaba este tipo de servicio. As\u00ed pues, la meta que nos ha guiado desde nuestros inicios es la <b>prestaci\u00f3n de servicios sanitarios especializados, de calidad y de proximidad<\/b>.<\/p>\n<\/div>\n<div class=\"col-12 col-md-6\">\n               <img decoding=\"async\" class=\"img-fluid\" src=\"https:\/\/gabimedi.com\/wp-content\/uploads\/2022\/07\/nuestros-centros-farners.jpg\"><\/div>\n<\/div>\n<div class=\"row\">\n<div class=\"col-12 col-md-6 order-md-2\">\n<p>Con este objetivo se decide en 1998 abrir un segundo centro <b>GABIMEDI<\/b> a la poblaci\u00f3n de <b>TORDERA.<\/b><\/p>\n<p>Volvemos a encontrar un n\u00facleo de poblaci\u00f3n y \u00e1rea de influencia sin posibilidad de acceder a centros sanitarios de especialidades m\u00e9dicas, y debi\u00e9ndose desplazar a Barcelona o Girona para poder encontrar este servicio.<\/p>\n<p>Dada la buena acogida de nuestros pacientes y el buen hacer de nuestros profesionales sanitarios, tanto el centro de <b>GABIMEDI FARN\u00c9S<\/b> como el <b>GABIMEDI TORDERA<\/b>, se trasladan a nuevas instalaciones en los a\u00f1os 2004 y 2008 respectivamente, ampliando as\u00ed los servicios m\u00e9dicos ofertados y mejorando en calidad gracias a las nuevas instalaciones.<\/p>\n<\/div>\n<div class=\"col-12 col-md-6 order-md-1\">\n                <img decoding=\"async\" class=\"img-fluid\" src=\"https:\/\/gabimedi.com\/wp-content\/uploads\/2022\/07\/nuestros-centros-tordera.jpg\"><\/div>\n<\/div>\n<p><!-- END ROW --><br \/>\n<!-- ROW --><\/p>\n<div class=\"row\">\n<div class=\"col-12 col-md-6\">\nEn 2012, se decide abrir nuestro tercer centro <b>GABIMEDI<\/b> a la poblaci\u00f3n de <b>LLORET DE MAR<\/b>. Con una renovada imagen corporativa, pretende ser el centro sanitario de referencia y confianza para la poblaci\u00f3n de Lloret de Mar, realizando pr\u00f3ximos servicios sanitarios y especialidades m\u00e9dicas a nuestros conciudadanos, que no se encuentran en otros centros de la misma poblaci\u00f3n.<\/div>\n<div class=\"col-12 col-md-6\">\n                <img decoding=\"async\" class=\"img-fluid\" src=\"https:\/\/gabimedi.com\/wp-content\/uploads\/2022\/07\/nuestros-centros-lloret.jpg\"><\/div>\n<\/div>\n<div class=\"row\">\n<div class=\"col-12 col-md-6 order-md-2\">\nPasado unos a\u00f1os, consideramos oportuno instalar un nuevo centro en la poblaci\u00f3n de <b>BLANES<\/b> dado que es la poblaci\u00f3n estrat\u00e9gica de la Selva Mar\u00edtima, y \u200b\u200baperturamos en 2018 nuestro principal centro, <b>GABIMEDI BLANES<\/b>. M\u00e1s de 800m2 puestos a disposici\u00f3n de nuestros pacientes y nuestros profesionales, a la vanguardia de la tecnolog\u00eda m\u00e9dica dotado con el mejor equipamiento m\u00e9dico en diagn\u00f3stico por la imagen: Resonancia Magn\u00e9tica, TAC, radiolog\u00eda digital, Mamograf\u00eda y Tomos\u00edntesis, y Densitometr\u00eda<\/div>\n<div class=\"col-12 col-md-6 order-md-1\">\n                <img decoding=\"async\" class=\"img-fluid\" src=\"https:\/\/gabimedi.com\/wp-content\/uploads\/2022\/07\/nuestros-centros-blanes.jpg\"><\/div>\n<\/div>\n<div class=\"row\">\n<div class=\"col-12 col-md-6\">\nParalelamente a nuestros centros <b>GABIMEDI<\/b>, nuestro Grupo Sanitario consider\u00f3 necesario invertir en una nueva l\u00ednea de servicios que es el de <b>\u00d3PTICAS<\/b>, y contamos con 2 puntos de \u00f3pticas en <b>TORDERA<\/b> y <b>LLORET DE MAR<\/b>, para ofrecer este servicio complementario a nuestros pacientes que as\u00ed lo requieran. Estas \u00f3pticas forman parte de la cooperativa de \u00f3pticas FEDEROPTICS, que se encuentran a nivel de todo el estado.<\/div>\n<div class=\"col-12 col-md-6\">\n                <img decoding=\"async\" class=\"img-fluid\" src=\"https:\/\/gabimedi.com\/wp-content\/uploads\/2022\/07\/nuestros-centros-dental.jpg\"><\/div>\n<\/div>\n<\/div>\n<p>&nbsp;<\/p>\n<p>&nbsp;<br \/>\n&nbsp;<\/p>\n<p>&nbsp;<br \/>\n<\/section>\n","protected":false},"excerpt":{"rendered":"<p>Servicios de salud, diagn\u00f3stico y atenci\u00f3n sanitaria en todos los niveles. MISI\u00d3N Nuestra misi\u00f3n es cuidar de la salud de las personas, poniendo a su disposici\u00f3n servicios sanitarios de m\u00e1xima calidad y avanzados medios tecnol\u00f3gicos. Buscamos siempre desarrollar nuestra actividad con la m\u00e1xima profesionalidad, respeto y discreci\u00f3n hacia el paciente. Mediante las distintas especialidades, queremos [&hellip;]<\/p>\n","protected":false},"author":2,"featured_media":350,"parent":0,"menu_order":0,"comment_status":"closed","ping_status":"closed","template":"templates\/generic-pages.php","meta":{"footnotes":""},"acf":[],"yoast_head":"<!-- This site is optimized with the Yoast SEO plugin v19.7.1 - https:\/\/yoast.com\/wordpress\/plugins\/seo\/ -->\n<title>Sobre nosotros - Gabimedi<\/title>\n<meta name=\"robots\" content=\"index, follow, max-snippet:-1, max-image-preview:large, max-video-preview:-1\" \/>\n<link rel=\"canonical\" href=\"https:\/\/gabimedi.com\/sobre-nosotros\/?lang=es\" \/>\n<meta property=\"og:locale\" content=\"es_ES\" \/>\n<meta property=\"og:type\" content=\"article\" \/>\n<meta property=\"og:title\" content=\"Sobre nosotros - Gabimedi\" \/>\n<meta property=\"og:description\" content=\"Servicios de salud, diagn\u00f3stico y atenci\u00f3n sanitaria en todos los niveles. MISI\u00d3N Nuestra misi\u00f3n es cuidar de la salud de las personas, poniendo a su disposici\u00f3n servicios sanitarios de m\u00e1xima calidad y avanzados medios tecnol\u00f3gicos. Buscamos siempre desarrollar nuestra actividad con la m\u00e1xima profesionalidad, respeto y discreci\u00f3n hacia el paciente. Mediante las distintas especialidades, queremos [&hellip;]\" \/>\n<meta property=\"og:url\" content=\"https:\/\/gabimedi.com\/sobre-nosotros\/?lang=es\" \/>\n<meta property=\"og:site_name\" content=\"Gabimedi\" \/>\n<meta property=\"article:modified_time\" content=\"2022-10-05T09:56:32+00:00\" \/>\n<meta property=\"og:image\" content=\"https:\/\/gabimedi.com\/wp-content\/uploads\/2022\/07\/nosotros-scaled.jpg\" \/>\n\t<meta property=\"og:image:width\" content=\"2560\" \/>\n\t<meta property=\"og:image:height\" content=\"890\" \/>\n\t<meta property=\"og:image:type\" content=\"image\/jpeg\" \/>\n<meta name=\"twitter:card\" content=\"summary_large_image\" \/>\n<meta name=\"twitter:label1\" content=\"Tiempo de lectura\" \/>\n\t<meta name=\"twitter:data1\" content=\"3 minutos\" \/>\n<script type=\"application\/ld+json\" class=\"yoast-schema-graph\">{\"@context\":\"https:\/\/schema.org\",\"@graph\":[{\"@type\":\"WebPage\",\"@id\":\"https:\/\/gabimedi.com\/sobre-nosotros\/?lang=es\",\"url\":\"https:\/\/gabimedi.com\/sobre-nosotros\/?lang=es\",\"name\":\"Sobre nosotros - Gabimedi\",\"isPartOf\":{\"@id\":\"https:\/\/gabimedi.com\/#website\"},\"datePublished\":\"2022-05-19T09:10:44+00:00\",\"dateModified\":\"2022-10-05T09:56:32+00:00\",\"breadcrumb\":{\"@id\":\"https:\/\/gabimedi.com\/sobre-nosotros\/?lang=es#breadcrumb\"},\"inLanguage\":\"es\",\"potentialAction\":[{\"@type\":\"ReadAction\",\"target\":[\"https:\/\/gabimedi.com\/sobre-nosotros\/?lang=es\"]}]},{\"@type\":\"BreadcrumbList\",\"@id\":\"https:\/\/gabimedi.com\/sobre-nosotros\/?lang=es#breadcrumb\",\"itemListElement\":[{\"@type\":\"ListItem\",\"position\":1,\"name\":\"Inici\",\"item\":\"https:\/\/gabimedi.com\/es\/\"},{\"@type\":\"ListItem\",\"position\":2,\"name\":\"Sobre nosotros\"}]},{\"@type\":\"WebSite\",\"@id\":\"https:\/\/gabimedi.com\/#website\",\"url\":\"https:\/\/gabimedi.com\/\",\"name\":\"Gabimedi\",\"description\":\"Centres m\u00e8dics i dentals\",\"potentialAction\":[{\"@type\":\"SearchAction\",\"target\":{\"@type\":\"EntryPoint\",\"urlTemplate\":\"https:\/\/gabimedi.com\/?s={search_term_string}\"},\"query-input\":\"required name=search_term_string\"}],\"inLanguage\":\"es\"}]}<\/script>\n<!-- \/ Yoast SEO plugin. -->","yoast_head_json":{"title":"Sobre nosotros - Gabimedi","robots":{"index":"index","follow":"follow","max-snippet":"max-snippet:-1","max-image-preview":"max-image-preview:large","max-video-preview":"max-video-preview:-1"},"canonical":"https:\/\/gabimedi.com\/sobre-nosotros\/?lang=es","og_locale":"es_ES","og_type":"article","og_title":"Sobre nosotros - Gabimedi","og_description":"Servicios de salud, diagn\u00f3stico y atenci\u00f3n sanitaria en todos los niveles. MISI\u00d3N Nuestra misi\u00f3n es cuidar de la salud de las personas, poniendo a su disposici\u00f3n servicios sanitarios de m\u00e1xima calidad y avanzados medios tecnol\u00f3gicos. Buscamos siempre desarrollar nuestra actividad con la m\u00e1xima profesionalidad, respeto y discreci\u00f3n hacia el paciente. Mediante las distintas especialidades, queremos [&hellip;]","og_url":"https:\/\/gabimedi.com\/sobre-nosotros\/?lang=es","og_site_name":"Gabimedi","article_modified_time":"2022-10-05T09:56:32+00:00","og_image":[{"width":2560,"height":890,"url":"https:\/\/gabimedi.com\/wp-content\/uploads\/2022\/07\/nosotros-scaled.jpg","type":"image\/jpeg"}],"twitter_card":"summary_large_image","twitter_misc":{"Tiempo de lectura":"3 minutos"},"schema":{"@context":"https:\/\/schema.org","@graph":[{"@type":"WebPage","@id":"https:\/\/gabimedi.com\/sobre-nosotros\/?lang=es","url":"https:\/\/gabimedi.com\/sobre-nosotros\/?lang=es","name":"Sobre nosotros - Gabimedi","isPartOf":{"@id":"https:\/\/gabimedi.com\/#website"},"datePublished":"2022-05-19T09:10:44+00:00","dateModified":"2022-10-05T09:56:32+00:00","breadcrumb":{"@id":"https:\/\/gabimedi.com\/sobre-nosotros\/?lang=es#breadcrumb"},"inLanguage":"es","potentialAction":[{"@type":"ReadAction","target":["https:\/\/gabimedi.com\/sobre-nosotros\/?lang=es"]}]},{"@type":"BreadcrumbList","@id":"https:\/\/gabimedi.com\/sobre-nosotros\/?lang=es#breadcrumb","itemListElement":[{"@type":"ListItem","position":1,"name":"Inici","item":"https:\/\/gabimedi.com\/es\/"},{"@type":"ListItem","position":2,"name":"Sobre nosotros"}]},{"@type":"WebSite","@id":"https:\/\/gabimedi.com\/#website","url":"https:\/\/gabimedi.com\/","name":"Gabimedi","description":"Centres m\u00e8dics i dentals","potentialAction":[{"@type":"SearchAction","target":{"@type":"EntryPoint","urlTemplate":"https:\/\/gabimedi.com\/?s={search_term_string}"},"query-input":"required name=search_term_string"}],"inLanguage":"es"}]}},"_links":{"self":[{"href":"https:\/\/gabimedi.com\/es\/wp-json\/wp\/v2\/pages\/195"}],"collection":[{"href":"https:\/\/gabimedi.com\/es\/wp-json\/wp\/v2\/pages"}],"about":[{"href":"https:\/\/gabimedi.com\/es\/wp-json\/wp\/v2\/types\/page"}],"author":[{"embeddable":true,"href":"https:\/\/gabimedi.com\/es\/wp-json\/wp\/v2\/users\/2"}],"replies":[{"embeddable":true,"href":"https:\/\/gabimedi.com\/es\/wp-json\/wp\/v2\/comments?post=195"}],"version-history":[{"count":13,"href":"https:\/\/gabimedi.com\/es\/wp-json\/wp\/v2\/pages\/195\/revisions"}],"predecessor-version":[{"id":1556,"href":"https:\/\/gabimedi.com\/es\/wp-json\/wp\/v2\/pages\/195\/revisions\/1556"}],"wp:featuredmedia":[{"embeddable":true,"href":"https:\/\/gabimedi.com\/es\/wp-json\/wp\/v2\/media\/350"}],"wp:attachment":[{"href":"https:\/\/gabimedi.com\/es\/wp-json\/wp\/v2\/media?parent=195"}],"curies":[{"name":"wp","href":"https:\/\/api.w.org\/{rel}","templated":true}]}}