{"id":42,"date":"2022-04-13T10:21:21","date_gmt":"2022-04-13T10:21:21","guid":{"rendered":"https:\/\/gabimedi.com\/centros\/"},"modified":"2025-12-05T11:32:50","modified_gmt":"2025-12-05T11:32:50","slug":"nuestros-centros","status":"publish","type":"page","link":"https:\/\/gabimedi.com\/es\/nuestros-centros\/","title":{"rendered":"Nuestros centros"},"content":{"rendered":"<div class=\"wp-bootstrap-blocks-container container mb-2\">\n\t\n\n<pre class=\"wp-block-code\"><code><\/code><\/pre>\n\n\n<div class=\"wp-bootstrap-blocks-container container mb-2\">\n\t\n<div class=\"wp-bootstrap-blocks-container container mb-2\">\n\t\n\n<div class=\"wp-block-group is-layout-flow wp-block-group-is-layout-flow\"><div class=\"wp-block-group__inner-container\">\n<div class=\"content_centered_logo\"><img decoding=\"async\" src=\"https:\/\/gabimedi.com\/wp-content\/uploads\/2022\/07\/logo-gabemedi-b.png\"\/><\/div>\n<h1 class=\"title_centered\">Servicios de salud, diagn\u00f3stico y atenci\u00f3n sanitaria en todos los niveles.<\/h1>\n<\/div><\/div>\n\n<\/div>\n\n<\/div>\n\n\n<div class=\"wp-bootstrap-blocks-container container mb-2\">\n\t\n\n<div class=\"wp-block-columns is-layout-flex wp-container-core-columns-layout-1 wp-block-columns-is-layout-flex\">\n<div class=\"wp-block-column is-layout-flow wp-block-column-is-layout-flow\"><div class=\"wp-bootstrap-blocks-row row\">\n\t\n\n<div class=\"col-12\">\n\t\t\t\t<\/div>\n\n<\/div>\n\n\n<div class=\"wp-bootstrap-blocks-row row\">\n\t\n\n<div class=\"col-12 col-md-12\">\n\t\t\t\n\n<a href=\"https:\/\/gabimedi.com\/es\/centros\/blanes\/\">\n<div class=\"our-center-logo\"><img decoding=\"async\" src=\"https:\/\/gabimedi.com\/wp-content\/uploads\/2022\/09\/centros-blanes-logo-left.png\"\/><\/div>\n<\/a>\n<div class=\"our-centers-info\">\n<div class=\"our-centers-phone\"><img decoding=\"async\" src=\"https:\/\/gabimedi.com\/wp-content\/uploads\/2022\/08\/thumbnail_image00232.png\"\/><p>972 01 01 28 &#8211; BLANES<\/p>\n<\/div>\n<div class=\"our-centers-adress\">\n<p>GABIMEDI BLANES<\/p>\n<p> C\/ Ses Falques, nau 7A-17300 Blanes<\/p>\n<\/div>\n<div class=\"our-centers-email\">\nblanes@gabimedi.com\n<\/div>\n<\/div>\n\n\t<\/div>\n\n<\/div>\n<\/div>\n\n\n\n<div class=\"wp-block-column is-layout-flow wp-block-column-is-layout-flow\">\n<div class=\"our-centers-map\">\n<iframe src=\"https:\/\/www.google.com\/maps\/embed?pb=!1m18!1m12!1m3!1d5960.506680817539!2d2.7725196782931265!3d41.671871781029914!2m3!1f0!2f0!3f0!3m2!1i1024!2i768!4f13.1!3m3!1m2!1s0x12bb1627ffa95f5d%3A0x6852edf884593615!2sGABIMEDI%20BLANES!5e0!3m2!1sen!2ses!4v1661871977830!5m2!1sen!2ses\" width=\"100%\" height=\"350\" style=\"border:0;\" allowfullscreen=\"\" loading=\"lazy\" referrerpolicy=\"no-referrer-when-downgrade\"><\/iframe>\n<\/div>\n<\/div>\n<\/div>\n\n<\/div>\n\n<\/div>\n\n\n<div class=\"wp-bootstrap-blocks-container container mb-2\">\n\t\n\n<div class=\"wp-block-columns is-layout-flex wp-container-core-columns-layout-2 wp-block-columns-is-layout-flex\">\n<div class=\"wp-block-column is-layout-flow wp-block-column-is-layout-flow\" style=\"flex-basis:25%\"><\/div>\n\n\n\n<div class=\"wp-block-column is-layout-flow wp-block-column-is-layout-flow\" style=\"flex-basis:50%\">\n<hr\/>\n<\/div>\n\n\n\n<div class=\"wp-block-column is-layout-flow wp-block-column-is-layout-flow\" style=\"flex-basis:25%\"><\/div>\n<\/div>\n\n<\/div>\n\n\n<div class=\"wp-bootstrap-blocks-container container mb-2\">\n\t\n\n<div class=\"wp-block-columns is-layout-flex wp-container-core-columns-layout-3 wp-block-columns-is-layout-flex\">\n<div class=\"wp-block-column is-layout-flow wp-block-column-is-layout-flow\"><div class=\"wp-bootstrap-blocks-row row\">\n\t\n\n<div class=\"col-12\">\n\t\t\t\t<\/div>\n\n<\/div>\n\n\n<div class=\"wp-bootstrap-blocks-row row\">\n\t\n\n<div class=\"col-12 col-md-12\">\n\t\t\t\n\n<a href=\"https:\/\/gabimedi.com\/es\/centros\/farnes\/\">\n<div class=\"our-center-logo\"><img decoding=\"async\" src=\"https:\/\/gabimedi.com\/wp-content\/uploads\/2022\/09\/blanes-farners-logo-left.png\"\/><\/div>\n<\/a>\n<div class=\"our-centers-info\">\n<div class=\"our-centers-phone\"><img decoding=\"async\" src=\"https:\/\/gabimedi.com\/wp-content\/uploads\/2022\/08\/thumbnail_image00232.png\"\/><p>972 877 473 &#8211; FARNERS<\/p>\n<\/div>\n<div class=\"our-centers-adress\">\n<p>GABIMEDI FARNERS<\/p>\n<p> C\/ Camprod\u00f3n,40\u00b717430 Sta.Coloma de Farners<\/p>\n<\/div>\n<div class=\"our-centers-email\">\nfarners@gabimedi.com\n<\/div>\n<\/div>\n\n\t<\/div>\n\n<\/div>\n<\/div>\n\n\n\n<div class=\"wp-block-column is-layout-flow wp-block-column-is-layout-flow\">\n<div class=\"our-centers-map\">\n<iframe src=\"https:\/\/www.google.com\/maps\/embed?pb=!1m18!1m12!1m3!1d2971.5348277597122!2d2.667316115798938!3d41.85983827453511!2m3!1f0!2f0!3f0!3m2!1i1024!2i768!4f13.1!3m3!1m2!1s0x12bb270fe31fe66f%3A0x4c30854384dcd8d0!2sGABIMEDI%20FARNERS!5e0!3m2!1sen!2ses!4v1661937310550!5m2!1sen!2ses\" width=\"100%\" height=\"350\" style=\"border:0;\" allowfullscreen=\"\" loading=\"lazy\" referrerpolicy=\"no-referrer-when-downgrade\"><\/iframe>\n<\/div>\n<\/div>\n<\/div>\n\n<\/div>\n\n\n\n<div class=\"wp-block-columns is-layout-flex wp-container-core-columns-layout-4 wp-block-columns-is-layout-flex\">\n<div class=\"wp-block-column is-layout-flow wp-block-column-is-layout-flow\" style=\"flex-basis:25%\"><\/div>\n\n\n\n<div class=\"wp-block-column is-layout-flow wp-block-column-is-layout-flow\" style=\"flex-basis:50%\">\n<hr\/>\n<\/div>\n\n\n\n<div class=\"wp-block-column is-layout-flow wp-block-column-is-layout-flow\" style=\"flex-basis:25%\"><\/div>\n<\/div>\n\n\n<div class=\"wp-bootstrap-blocks-container container mb-2\">\n\t\n\n<div class=\"wp-block-columns is-layout-flex wp-container-core-columns-layout-5 wp-block-columns-is-layout-flex\">\n<div class=\"wp-block-column is-layout-flow wp-block-column-is-layout-flow\"><div class=\"wp-bootstrap-blocks-row row\">\n\t\n\n<div class=\"col-12\">\n\t\t\t\t<\/div>\n\n<\/div>\n\n\n<div class=\"wp-bootstrap-blocks-row row\">\n\t\n\n<div class=\"col-12 col-md-12\">\n\t\t\t\n\n<a href=\"https:\/\/gabimedi.com\/es\/centros\/lloret\/\">\n<div class=\"our-center-logo\"><img decoding=\"async\" src=\"https:\/\/gabimedi.com\/wp-content\/uploads\/2022\/09\/centros-lloret-logo-left.png\"\/><\/div>\n<\/a>\n<div class=\"our-centers-info\">\n<div class=\"our-centers-phone\"><img decoding=\"async\" src=\"https:\/\/gabimedi.com\/wp-content\/uploads\/2022\/08\/thumbnail_image00232.png\"\/><p>972 377 00 &#8211; LLORET DE MAR<\/p>\n<\/div>\n<div class=\"our-centers-adress\">\n<p>GABIMEDI LLORET DE MAR<\/p>\n<p> C\/ Masia del Roser,12\u00b717310 Lloret de Mar<\/p>\n<\/div>\n<div class=\"our-centers-email\">\nlloret@gabimedi.com\n<\/div>\n<\/div>\n\n\t<\/div>\n\n<\/div>\n<\/div>\n\n\n\n<div class=\"wp-block-column is-layout-flow wp-block-column-is-layout-flow\">\n<div class=\"our-centers-map\">\n<iframe src=\"https:\/\/www.google.com\/maps\/embed?pb=!1m18!1m12!1m3!1d2978.508512650159!2d2.836498415795805!3d41.70954468392384!2m3!1f0!2f0!3f0!3m2!1i1024!2i768!4f13.1!3m3!1m2!1s0x12bb173a779df2a3%3A0xe6d9e2367474f49f!2sGABIMEDI%20LLORET!5e0!3m2!1sen!2ses!4v1661936845445!5m2!1sen!2ses\" width=\"100%\" height=\"350\" style=\"border:0;\" allowfullscreen=\"\" loading=\"lazy\" referrerpolicy=\"no-referrer-when-downgrade\"><\/iframe>\n<\/div>\n<\/div>\n<\/div>\n\n<\/div>\n\n\n\n<div class=\"wp-block-columns is-layout-flex wp-container-core-columns-layout-6 wp-block-columns-is-layout-flex\">\n<div class=\"wp-block-column is-layout-flow wp-block-column-is-layout-flow\" style=\"flex-basis:25%\"><\/div>\n\n\n\n<div class=\"wp-block-column is-layout-flow wp-block-column-is-layout-flow\" style=\"flex-basis:50%\">\n<hr\/>\n<\/div>\n\n\n\n<div class=\"wp-block-column is-layout-flow wp-block-column-is-layout-flow\" style=\"flex-basis:25%\"><\/div>\n<\/div>\n\n\n<div class=\"wp-bootstrap-blocks-container container mb-2\">\n\t\n\n<div class=\"wp-block-columns is-layout-flex wp-container-core-columns-layout-7 wp-block-columns-is-layout-flex\">\n<div class=\"wp-block-column is-layout-flow wp-block-column-is-layout-flow\"><div class=\"wp-bootstrap-blocks-row row\">\n\t\n\n<div class=\"col-12\">\n\t\t\t\t<\/div>\n\n<\/div>\n\n\n<div class=\"wp-bootstrap-blocks-row row\">\n\t\n\n<div class=\"col-12 col-md-12\">\n\t\t\t\n\n<a href=\"https:\/\/gabimedi.com\/es\/centros\/tordera\/\">\n<div class=\"our-center-logo\"><img decoding=\"async\" src=\"https:\/\/gabimedi.com\/wp-content\/uploads\/2022\/09\/centros-tordera-logo-left.png\"\/><\/div>\n<\/a>\n<div class=\"our-centers-info\">\n<div class=\"our-centers-phone\"><img decoding=\"async\" src=\"https:\/\/gabimedi.com\/wp-content\/uploads\/2022\/08\/thumbnail_image00232.png\"\/><p>93 764 30 50 &#8211; TORDERA<\/p>\n<\/div>\n<div class=\"our-centers-adress\">\n<p>GABIMEDI TORDERA<\/p>\n<p> C\/ Amadeu Vives,25 \u00b708490 Tordera<\/p>\n<\/div>\n<div class=\"our-centers-email\">\ntordera@gabimedi.com\n<\/div>\n<\/div>\n\n\t<\/div>\n\n<\/div>\n<\/div>\n\n\n\n<div class=\"wp-block-column is-layout-flow wp-block-column-is-layout-flow\">\n<div class=\"our-centers-map\">\n<iframe src=\"https:\/\/www.google.com\/maps\/embed?pb=!1m18!1m12!1m3!1d2979.0344229011366!2d2.719459815795579!3d41.69819258463175!2m3!1f0!2f0!3f0!3m2!1i1024!2i768!4f13.1!3m3!1m2!1s0x12bb3cf273db0aeb%3A0xed50dce593d64afc!2sGabimedi%20Tordera!5e0!3m2!1sen!2ses!4v1661936972425!5m2!1sen!2ses\" width=\"100%\" height=\"350\" style=\"border:0;\" allowfullscreen=\"\" loading=\"lazy\" referrerpolicy=\"no-referrer-when-downgrade\"><\/iframe>\n<\/div>\n<\/div>\n<\/div>\n\n<\/div>\n\n\n\n<div class=\"wp-block-columns is-layout-flex wp-container-core-columns-layout-8 wp-block-columns-is-layout-flex\">\n<div class=\"wp-block-column is-layout-flow wp-block-column-is-layout-flow\" style=\"flex-basis:25%\"><\/div>\n\n\n\n<div class=\"wp-block-column is-layout-flow wp-block-column-is-layout-flow\" style=\"flex-basis:50%\">\n<hr\/>\n<\/div>\n\n\n\n<div class=\"wp-block-column is-layout-flow wp-block-column-is-layout-flow\" style=\"flex-basis:25%\"><\/div>\n<\/div>\n\n\n<div class=\"wp-bootstrap-blocks-container container mb-2\">\n\t\n\n<div class=\"wp-block-columns is-layout-flex wp-container-core-columns-layout-9 wp-block-columns-is-layout-flex\">\n<div class=\"wp-block-column is-layout-flow wp-block-column-is-layout-flow\">\n<a href=\"https:\/\/gabimedi.com\/es\/centros\/rieral\/\">\n<div class=\"our-center-logo\"><img decoding=\"async\" src=\"https:\/\/gabimedi.com\/wp-content\/uploads\/2023\/12\/gabimedi-rieral.png\"\/><\/div>\n<\/a>\n<div class=\"our-centers-info\">\n<div class=\"our-centers-phone\"><img decoding=\"async\" src=\"https:\/\/gabimedi.com\/wp-content\/uploads\/2022\/08\/thumbnail_image00232.png\"\/><p>872 59 60 60 &#8211; RIERAL<\/p>\n<\/div>\n<div class=\"our-centers-adress\">\n<p>GABIMEDI RIERAL<\/p>\n<p> Avda\/ Rieral, n\u00ba87-91, 17310 Lloret de Mar<\/p>\n<\/div>\n<div class=\"our-centers-email\">\nrieral@gabimedi.com\n<\/div>\n<\/div>\n<\/div>\n\n\n\n<div class=\"wp-block-column is-layout-flow wp-block-column-is-layout-flow\">\n<div class=\"our-centers-map\"><iframe src=\"https:\/\/www.google.com\/maps\/embed?pb=!1m18!1m12!1m3!1d2978.766727515751!2d2.8368975129480747!3d41.7039712711416!2m3!1f0!2f0!3f0!3m2!1i1024!2i768!4f13.1!3m3!1m2!1s0x12bb171543d35695%3A0x6922161d86727502!2sAv.%20del%20Rieral%2C%2017310%20Lloret%20de%20Mar%2C%20Girona!5e0!3m2!1sen!2ses!4v1701776478735!5m2!1sen!2ses\" width=\"600\" height=\"450\" style=\"border:0;\" allowfullscreen=\"\" loading=\"lazy\" referrerpolicy=\"no-referrer-when-downgrade\"><\/iframe><\/div>\n<\/div>\n<\/div>\n\n<\/div>\n\n\n\n<div class=\"wp-block-columns is-layout-flex wp-container-core-columns-layout-10 wp-block-columns-is-layout-flex\">\n<div class=\"wp-block-column is-layout-flow wp-block-column-is-layout-flow\" style=\"flex-basis:25%\"><\/div>\n\n\n\n<div class=\"wp-block-column is-layout-flow wp-block-column-is-layout-flow\" style=\"flex-basis:50%\">\n<hr\/>\n<\/div>\n\n\n\n<div class=\"wp-block-column is-layout-flow wp-block-column-is-layout-flow\" style=\"flex-basis:25%\"><\/div>\n<\/div>\n\n\n<div class=\"wp-bootstrap-blocks-container container mb-2\">\n\t\n\n<div class=\"wp-block-columns is-layout-flex wp-container-core-columns-layout-11 wp-block-columns-is-layout-flex\">\n<div class=\"wp-block-column is-layout-flow wp-block-column-is-layout-flow\"><div class=\"wp-bootstrap-blocks-row row\">\n\t\n\n<div class=\"col-12\">\n\t\t\t\t<\/div>\n\n<\/div>\n\n\n<div class=\"wp-bootstrap-blocks-row row\">\n\t\n\n<div class=\"col-12 col-md-12\">\n\t\t\t\n\n<a href=\"https:\/\/gabimedi.com\/centres\/malgrat\/\">\n<div class=\"our-center-logo\"><img src=https:\/\/gabimedi.com\/wp-content\/uploads\/2025\/12\/logo-centro-malgrat.png><\/div>\n<\/a>\n<div class=\"our-centers-info\">\n<div class=\"our-centers-phone\"><img decoding=\"async\" src=\"https:\/\/gabimedi.com\/wp-content\/uploads\/2022\/08\/thumbnail_image00232.png\">\n<p>93 609 66 67 &#8211; MALGRAT<\/p>\n<p>93 609 66 66 &#8211; MALGRAT DENTAL<\/p>\n<\/div>\n<div class=\"our-centers-adress\">\n<p>GABIMEDI MALGRAT<\/p>\n<p>Avda. Barcelona 18-20 \u00b7 08380 Malgrat de Mar<\/p>\n<\/div>\n<div class=\"our-centers-email\">\nmalgrat@gabimedi.com\n<\/div>\n<div class=\"our-centers-email\">\ndentalmalgrat@gabimedi.com\n<\/div>\n<\/div>\n\n\t<\/div>\n\n<\/div>\n<\/div>\n\n\n\n<div class=\"wp-block-column is-layout-flow wp-block-column-is-layout-flow\">\n<div class=\"our-centers-map\">\n<iframe src=\"https:\/\/www.google.com\/maps\/embed?pb=!1m18!1m12!1m3!1d2981.686553438405!2d2.732279476474609!3d41.640906180230914!2m3!1f0!2f0!3f0!3m2!1i1024!2i768!4f13.1!3m3!1m2!1s0x12bb3fd001e59233%3A0xb53e84854015ab16!2sGABIMEDI%20MALGRAT!5e0!3m2!1sca!2ses!4v1764929011616!5m2!1sca!2ses\" width=\"600\" height=\"450\" style=\"border:0;\" allowfullscreen=\"\" loading=\"lazy\" referrerpolicy=\"no-referrer-when-downgrade\"><\/iframe>\n<\/div>\n<\/div>\n<\/div>\n\n<\/div>\n","protected":false},"excerpt":{"rendered":"","protected":false},"author":2,"featured_media":366,"parent":0,"menu_order":0,"comment_status":"closed","ping_status":"closed","template":"templates\/generic-pages.php","meta":{"footnotes":""},"acf":[],"yoast_head":"<!-- This site is optimized with the Yoast SEO plugin v19.7.1 - https:\/\/yoast.com\/wordpress\/plugins\/seo\/ -->\n<title>Nuestros centros - Gabimedi<\/title>\n<meta name=\"description\" content=\"Descobreix la varietat de serveis m\u00e8dics que oferim a Gabimedi. Des de diagn\u00f2stics avan\u00e7ats fins a tractaments personalitzats, la nostra missi\u00f3 \u00e9s proporcionar atenci\u00f3 sanit\u00e0ria completa amb un enfocament en el teu benestar. Benvingut a un m\u00f3n de salut i cura de primera l\u00ednia.\" \/>\n<meta name=\"robots\" content=\"index, follow, max-snippet:-1, max-image-preview:large, max-video-preview:-1\" \/>\n<link rel=\"canonical\" href=\"https:\/\/gabimedi.com\/es\/nuestros-centros\/\" \/>\n<meta property=\"og:locale\" content=\"es_ES\" \/>\n<meta property=\"og:type\" content=\"article\" \/>\n<meta property=\"og:title\" content=\"Nuestros centros - Gabimedi\" \/>\n<meta property=\"og:description\" content=\"Descobreix la varietat de serveis m\u00e8dics que oferim a Gabimedi. Des de diagn\u00f2stics avan\u00e7ats fins a tractaments personalitzats, la nostra missi\u00f3 \u00e9s proporcionar atenci\u00f3 sanit\u00e0ria completa amb un enfocament en el teu benestar. Benvingut a un m\u00f3n de salut i cura de primera l\u00ednia.\" \/>\n<meta property=\"og:url\" content=\"https:\/\/gabimedi.com\/es\/nuestros-centros\/\" \/>\n<meta property=\"og:site_name\" content=\"Gabimedi\" \/>\n<meta property=\"article:modified_time\" content=\"2025-12-05T11:32:50+00:00\" \/>\n<meta property=\"og:image\" content=\"https:\/\/gabimedi.com\/wp-content\/uploads\/2022\/07\/centros-scaled.jpg\" \/>\n\t<meta property=\"og:image:width\" content=\"2560\" \/>\n\t<meta property=\"og:image:height\" content=\"899\" \/>\n\t<meta property=\"og:image:type\" content=\"image\/jpeg\" \/>\n<meta name=\"twitter:card\" content=\"summary_large_image\" \/>\n<meta name=\"twitter:label1\" content=\"Tiempo de lectura\" \/>\n\t<meta name=\"twitter:data1\" content=\"3 minutos\" \/>\n<script type=\"application\/ld+json\" class=\"yoast-schema-graph\">{\"@context\":\"https:\/\/schema.org\",\"@graph\":[{\"@type\":\"WebPage\",\"@id\":\"https:\/\/gabimedi.com\/es\/nuestros-centros\/\",\"url\":\"https:\/\/gabimedi.com\/es\/nuestros-centros\/\",\"name\":\"Nuestros centros - Gabimedi\",\"isPartOf\":{\"@id\":\"https:\/\/gabimedi.com\/#website\"},\"datePublished\":\"2022-04-13T10:21:21+00:00\",\"dateModified\":\"2025-12-05T11:32:50+00:00\",\"description\":\"Descobreix la varietat de serveis m\u00e8dics que oferim a Gabimedi. Des de diagn\u00f2stics avan\u00e7ats fins a tractaments personalitzats, la nostra missi\u00f3 \u00e9s proporcionar atenci\u00f3 sanit\u00e0ria completa amb un enfocament en el teu benestar. Benvingut a un m\u00f3n de salut i cura de primera l\u00ednia.\",\"breadcrumb\":{\"@id\":\"https:\/\/gabimedi.com\/es\/nuestros-centros\/#breadcrumb\"},\"inLanguage\":\"es\",\"potentialAction\":[{\"@type\":\"ReadAction\",\"target\":[\"https:\/\/gabimedi.com\/es\/nuestros-centros\/\"]}]},{\"@type\":\"BreadcrumbList\",\"@id\":\"https:\/\/gabimedi.com\/es\/nuestros-centros\/#breadcrumb\",\"itemListElement\":[{\"@type\":\"ListItem\",\"position\":1,\"name\":\"Inici\",\"item\":\"https:\/\/gabimedi.com\/es\/\"},{\"@type\":\"ListItem\",\"position\":2,\"name\":\"Nuestros centros\"}]},{\"@type\":\"WebSite\",\"@id\":\"https:\/\/gabimedi.com\/#website\",\"url\":\"https:\/\/gabimedi.com\/\",\"name\":\"Gabimedi\",\"description\":\"Centres m\u00e8dics i dentals\",\"potentialAction\":[{\"@type\":\"SearchAction\",\"target\":{\"@type\":\"EntryPoint\",\"urlTemplate\":\"https:\/\/gabimedi.com\/?s={search_term_string}\"},\"query-input\":\"required name=search_term_string\"}],\"inLanguage\":\"es\"}]}<\/script>\n<!-- \/ Yoast SEO plugin. -->","yoast_head_json":{"title":"Nuestros centros - Gabimedi","description":"Descobreix la varietat de serveis m\u00e8dics que oferim a Gabimedi. Des de diagn\u00f2stics avan\u00e7ats fins a tractaments personalitzats, la nostra missi\u00f3 \u00e9s proporcionar atenci\u00f3 sanit\u00e0ria completa amb un enfocament en el teu benestar. Benvingut a un m\u00f3n de salut i cura de primera l\u00ednia.","robots":{"index":"index","follow":"follow","max-snippet":"max-snippet:-1","max-image-preview":"max-image-preview:large","max-video-preview":"max-video-preview:-1"},"canonical":"https:\/\/gabimedi.com\/es\/nuestros-centros\/","og_locale":"es_ES","og_type":"article","og_title":"Nuestros centros - Gabimedi","og_description":"Descobreix la varietat de serveis m\u00e8dics que oferim a Gabimedi. Des de diagn\u00f2stics avan\u00e7ats fins a tractaments personalitzats, la nostra missi\u00f3 \u00e9s proporcionar atenci\u00f3 sanit\u00e0ria completa amb un enfocament en el teu benestar. Benvingut a un m\u00f3n de salut i cura de primera l\u00ednia.","og_url":"https:\/\/gabimedi.com\/es\/nuestros-centros\/","og_site_name":"Gabimedi","article_modified_time":"2025-12-05T11:32:50+00:00","og_image":[{"width":2560,"height":899,"url":"https:\/\/gabimedi.com\/wp-content\/uploads\/2022\/07\/centros-scaled.jpg","type":"image\/jpeg"}],"twitter_card":"summary_large_image","twitter_misc":{"Tiempo de lectura":"3 minutos"},"schema":{"@context":"https:\/\/schema.org","@graph":[{"@type":"WebPage","@id":"https:\/\/gabimedi.com\/es\/nuestros-centros\/","url":"https:\/\/gabimedi.com\/es\/nuestros-centros\/","name":"Nuestros centros - Gabimedi","isPartOf":{"@id":"https:\/\/gabimedi.com\/#website"},"datePublished":"2022-04-13T10:21:21+00:00","dateModified":"2025-12-05T11:32:50+00:00","description":"Descobreix la varietat de serveis m\u00e8dics que oferim a Gabimedi. Des de diagn\u00f2stics avan\u00e7ats fins a tractaments personalitzats, la nostra missi\u00f3 \u00e9s proporcionar atenci\u00f3 sanit\u00e0ria completa amb un enfocament en el teu benestar. Benvingut a un m\u00f3n de salut i cura de primera l\u00ednia.","breadcrumb":{"@id":"https:\/\/gabimedi.com\/es\/nuestros-centros\/#breadcrumb"},"inLanguage":"es","potentialAction":[{"@type":"ReadAction","target":["https:\/\/gabimedi.com\/es\/nuestros-centros\/"]}]},{"@type":"BreadcrumbList","@id":"https:\/\/gabimedi.com\/es\/nuestros-centros\/#breadcrumb","itemListElement":[{"@type":"ListItem","position":1,"name":"Inici","item":"https:\/\/gabimedi.com\/es\/"},{"@type":"ListItem","position":2,"name":"Nuestros centros"}]},{"@type":"WebSite","@id":"https:\/\/gabimedi.com\/#website","url":"https:\/\/gabimedi.com\/","name":"Gabimedi","description":"Centres m\u00e8dics i dentals","potentialAction":[{"@type":"SearchAction","target":{"@type":"EntryPoint","urlTemplate":"https:\/\/gabimedi.com\/?s={search_term_string}"},"query-input":"required name=search_term_string"}],"inLanguage":"es"}]}},"_links":{"self":[{"href":"https:\/\/gabimedi.com\/es\/wp-json\/wp\/v2\/pages\/42"}],"collection":[{"href":"https:\/\/gabimedi.com\/es\/wp-json\/wp\/v2\/pages"}],"about":[{"href":"https:\/\/gabimedi.com\/es\/wp-json\/wp\/v2\/types\/page"}],"author":[{"embeddable":true,"href":"https:\/\/gabimedi.com\/es\/wp-json\/wp\/v2\/users\/2"}],"replies":[{"embeddable":true,"href":"https:\/\/gabimedi.com\/es\/wp-json\/wp\/v2\/comments?post=42"}],"version-history":[{"count":26,"href":"https:\/\/gabimedi.com\/es\/wp-json\/wp\/v2\/pages\/42\/revisions"}],"predecessor-version":[{"id":1731,"href":"https:\/\/gabimedi.com\/es\/wp-json\/wp\/v2\/pages\/42\/revisions\/1731"}],"wp:featuredmedia":[{"embeddable":true,"href":"https:\/\/gabimedi.com\/es\/wp-json\/wp\/v2\/media\/366"}],"wp:attachment":[{"href":"https:\/\/gabimedi.com\/es\/wp-json\/wp\/v2\/media?parent=42"}],"curies":[{"name":"wp","href":"https:\/\/api.w.org\/{rel}","templated":true}]}}