{"id":49,"date":"2022-04-13T09:18:57","date_gmt":"2022-04-13T09:18:57","guid":{"rendered":"https:\/\/gabimedi.com\/trabaja-con-nosotros\/"},"modified":"2022-10-05T09:25:06","modified_gmt":"2022-10-05T09:25:06","slug":"trabaja-con-nosotros","status":"publish","type":"page","link":"https:\/\/gabimedi.com\/es\/trabaja-con-nosotros\/","title":{"rendered":"Trabaja con nosotros"},"content":{"rendered":"<div class=\"content_centered_logo\"><img decoding=\"async\" src=\"https:\/\/gabimedi.com\/wp-content\/uploads\/2022\/07\/logo-gabemedi-b.png\"><\/div>\n<div class=\"container\">\n<div class=\"row\">\n<div class=\"col\">\n<h1>Cont\u00e1ctanos.<br \/>\nTe ofrecemos un futuro<br \/>\nlleno de posibilidades.<\/h1>\n<p>Buscamos siempre el equipo m\u00e1s cualificado. Evolucionamos en funci\u00f3n<br \/>\nde las necesidades de nuestra empresa. De esta forma, van surgiendo<br \/>\nnuevos departamentos con el fin de ofrecer un mejor servicio.<br \/>\n&nbsp;<\/p>\n<p>&nbsp;<\/p>\n<div role=\"form\" class=\"wpcf7\" id=\"wpcf7-f853-o1\" lang=\"es-ES\" dir=\"ltr\">\n<div class=\"screen-reader-response\"><p role=\"status\" aria-live=\"polite\" aria-atomic=\"true\"><\/p> <ul><\/ul><\/div>\n<form action=\"\/es\/wp-json\/wp\/v2\/pages\/49#wpcf7-f853-o1\" method=\"post\" class=\"wpcf7-form init\" enctype=\"multipart\/form-data\" novalidate=\"novalidate\" data-status=\"init\">\n<div style=\"display: none;\">\n<input type=\"hidden\" name=\"_wpcf7\" value=\"853\" \/>\n<input type=\"hidden\" name=\"_wpcf7_version\" value=\"5.6.1\" \/>\n<input type=\"hidden\" name=\"_wpcf7_locale\" value=\"es_ES\" \/>\n<input type=\"hidden\" name=\"_wpcf7_unit_tag\" value=\"wpcf7-f853-o1\" \/>\n<input type=\"hidden\" name=\"_wpcf7_container_post\" value=\"0\" \/>\n<input type=\"hidden\" name=\"_wpcf7_posted_data_hash\" value=\"\" \/>\n<input type=\"hidden\" name=\"_wpcf7_recaptcha_response\" value=\"\" \/>\n<\/div>\n<div class=\"container contact-form\">\n<div class=\"row\">\n<div class=\"col\">\n     <span class=\"wpcf7-form-control-wrap\" data-name=\"your-name\"><input type=\"text\" name=\"your-name\" value=\"\" size=\"40\" class=\"wpcf7-form-control wpcf7-text wpcf7-validates-as-required\" aria-required=\"true\" aria-invalid=\"false\" placeholder=\"Nombre\" \/><\/span><\/p>\n<\/div>\n<div class=\"col\">\n      <span class=\"wpcf7-form-control-wrap\" data-name=\"surname\"><input type=\"text\" name=\"surname\" value=\"\" size=\"40\" class=\"wpcf7-form-control wpcf7-text wpcf7-validates-as-required\" aria-required=\"true\" aria-invalid=\"false\" placeholder=\"Apellido\" \/><\/span><\/p>\n<\/div>\n<\/div>\n<div class=\"row\">\n<div class=\"col\">\n<p>     <span class=\"wpcf7-form-control-wrap\" data-name=\"telefon\"><input type=\"tel\" name=\"telefon\" value=\"\" size=\"40\" class=\"wpcf7-form-control wpcf7-text wpcf7-tel wpcf7-validates-as-tel\" aria-invalid=\"false\" placeholder=\"Tel\u00e9fono\" \/><\/span>\n    <\/p><\/div>\n<div class=\"col\">\n<p>      <span class=\"wpcf7-form-control-wrap\" data-name=\"your-email\"><input type=\"email\" name=\"your-email\" value=\"\" size=\"40\" class=\"wpcf7-form-control wpcf7-text wpcf7-email wpcf7-validates-as-required wpcf7-validates-as-email\" aria-required=\"true\" aria-invalid=\"false\" placeholder=\"Email\" \/><\/span>\n    <\/p><\/div>\n<\/div>\n<div class=\"row\">\n<div class=\"col-12 text-center\">\n \u00bfCu\u00e1l es tu especialidad?<br \/>\n        <span class=\"wpcf7-form-control-wrap\" data-name=\"checkbox-173\"><span class=\"wpcf7-form-control wpcf7-checkbox wpcf7-exclusive-checkbox\"><span class=\"wpcf7-list-item first\"><label><input type=\"checkbox\" name=\"checkbox-173\" value=\"M\u00e9dico\" \/><span class=\"wpcf7-list-item-label\">M\u00e9dico<\/span><\/label><\/span><span class=\"wpcf7-list-item\"><label><input type=\"checkbox\" name=\"checkbox-173\" value=\"Otro personal sanitario\" \/><span class=\"wpcf7-list-item-label\">Otro personal sanitario<\/span><\/label><\/span><span class=\"wpcf7-list-item last\"><label><input type=\"checkbox\" name=\"checkbox-173\" value=\"Administraci\u00f3n\" \/><span class=\"wpcf7-list-item-label\">Administraci\u00f3n<\/span><\/label><\/span><\/span><\/span><\/p>\n<\/div>\n<\/div>\n<div class=\"row\">\n<div class=\"col-12 text-center\">\n<p>Por favor adjunta tu CV (formatos v\u00e1lidos .doc .dox .pdf) Tama\u00f1o max. 3MB.<\/p>\n<\/div>\n<\/div>\n<div class=\"row d-flex p-2 text-center\">\n<div class=\"col-12 col-md-4 \"><\/div>\n<div class=\"col-12 col-md-4 text-center\">\n             <span class=\"wpcf7-form-control-wrap\" data-name=\"file-812\"><input type=\"file\" name=\"file-812\" size=\"40\" class=\"wpcf7-form-control wpcf7-file\" accept=\".pdf,.doc,.docx\" aria-invalid=\"false\" \/><\/span>\n   <\/div>\n<div class=\"col-12 col-md-4\"><\/div>\n<\/div>\n<div class=\"row\">\n<div class=\"col-12 col-md-4\"><\/div>\n<div class=\"col-12 col-md-4 text-center\">\n         <span class=\"wpcf7-form-control-wrap\" data-name=\"acceptance-700\"><span class=\"wpcf7-form-control wpcf7-acceptance\"><span class=\"wpcf7-list-item\"><label><input type=\"checkbox\" name=\"acceptance-700\" value=\"1\" aria-invalid=\"false\" \/><span class=\"wpcf7-list-item-label\">acepto el aviso legal y pol\u00edtica de privacidad<\/span><\/label><\/span><\/span><\/span>\n    <\/div>\n<div class=\"col-12 col-md-4\"><\/div>\n<\/div>\n<div class=\"row\">\n<div class=\"col-12\">\n<div align=\"center\">\n        <input type=\"submit\" value=\"Envia\" class=\"wpcf7-form-control has-spinner wpcf7-submit\" \/>\n <\/div>\n<\/div>\n<\/div>\n<\/div>\n<div class=\"wpcf7-response-output\" aria-hidden=\"true\"><\/div><\/form><\/div>\n<p>&nbsp;<\/p>\n<p>&nbsp;<\/p>\n<\/div>\n<\/div>\n<\/div>\n","protected":false},"excerpt":{"rendered":"<p>Cont\u00e1ctanos. Te ofrecemos un futuro lleno de posibilidades. Buscamos siempre el equipo m\u00e1s cualificado. Evolucionamos en funci\u00f3n de las necesidades de nuestra empresa. De esta forma, van surgiendo nuevos departamentos con el fin de ofrecer un mejor servicio. &nbsp; &nbsp; &nbsp; &nbsp;<\/p>\n","protected":false},"author":2,"featured_media":360,"parent":0,"menu_order":0,"comment_status":"closed","ping_status":"closed","template":"templates\/generic-pages.php","meta":{"footnotes":""},"acf":[],"yoast_head":"<!-- This site is optimized with the Yoast SEO plugin v19.7.1 - https:\/\/yoast.com\/wordpress\/plugins\/seo\/ -->\n<title>Trabaja con nosotros - Gabimedi<\/title>\n<meta name=\"robots\" content=\"index, follow, max-snippet:-1, max-image-preview:large, max-video-preview:-1\" \/>\n<link rel=\"canonical\" href=\"https:\/\/gabimedi.com\/trabaja-con-nosotros\/?lang=es\" \/>\n<meta property=\"og:locale\" content=\"es_ES\" \/>\n<meta property=\"og:type\" content=\"article\" \/>\n<meta property=\"og:title\" content=\"Trabaja con nosotros - Gabimedi\" \/>\n<meta property=\"og:description\" content=\"Cont\u00e1ctanos. Te ofrecemos un futuro lleno de posibilidades. Buscamos siempre el equipo m\u00e1s cualificado. Evolucionamos en funci\u00f3n de las necesidades de nuestra empresa. De esta forma, van surgiendo nuevos departamentos con el fin de ofrecer un mejor servicio. &nbsp; &nbsp; &nbsp; &nbsp;\" \/>\n<meta property=\"og:url\" content=\"https:\/\/gabimedi.com\/trabaja-con-nosotros\/?lang=es\" \/>\n<meta property=\"og:site_name\" content=\"Gabimedi\" \/>\n<meta property=\"article:modified_time\" content=\"2022-10-05T09:25:06+00:00\" \/>\n<meta property=\"og:image\" content=\"https:\/\/gabimedi.com\/wp-content\/uploads\/2022\/07\/trabaja-scaled.jpg\" \/>\n\t<meta property=\"og:image:width\" content=\"2560\" \/>\n\t<meta property=\"og:image:height\" content=\"901\" \/>\n\t<meta property=\"og:image:type\" content=\"image\/jpeg\" \/>\n<meta name=\"twitter:card\" content=\"summary_large_image\" \/>\n<meta name=\"twitter:label1\" content=\"Tiempo de lectura\" \/>\n\t<meta name=\"twitter:data1\" content=\"1 minuto\" \/>\n<script type=\"application\/ld+json\" class=\"yoast-schema-graph\">{\"@context\":\"https:\/\/schema.org\",\"@graph\":[{\"@type\":\"WebPage\",\"@id\":\"https:\/\/gabimedi.com\/trabaja-con-nosotros\/?lang=es\",\"url\":\"https:\/\/gabimedi.com\/trabaja-con-nosotros\/?lang=es\",\"name\":\"Trabaja con nosotros - Gabimedi\",\"isPartOf\":{\"@id\":\"https:\/\/gabimedi.com\/#website\"},\"datePublished\":\"2022-04-13T09:18:57+00:00\",\"dateModified\":\"2022-10-05T09:25:06+00:00\",\"breadcrumb\":{\"@id\":\"https:\/\/gabimedi.com\/trabaja-con-nosotros\/?lang=es#breadcrumb\"},\"inLanguage\":\"es\",\"potentialAction\":[{\"@type\":\"ReadAction\",\"target\":[\"https:\/\/gabimedi.com\/trabaja-con-nosotros\/?lang=es\"]}]},{\"@type\":\"BreadcrumbList\",\"@id\":\"https:\/\/gabimedi.com\/trabaja-con-nosotros\/?lang=es#breadcrumb\",\"itemListElement\":[{\"@type\":\"ListItem\",\"position\":1,\"name\":\"Inici\",\"item\":\"https:\/\/gabimedi.com\/es\/\"},{\"@type\":\"ListItem\",\"position\":2,\"name\":\"Trabaja con nosotros\"}]},{\"@type\":\"WebSite\",\"@id\":\"https:\/\/gabimedi.com\/#website\",\"url\":\"https:\/\/gabimedi.com\/\",\"name\":\"Gabimedi\",\"description\":\"Centres m\u00e8dics i dentals\",\"potentialAction\":[{\"@type\":\"SearchAction\",\"target\":{\"@type\":\"EntryPoint\",\"urlTemplate\":\"https:\/\/gabimedi.com\/?s={search_term_string}\"},\"query-input\":\"required name=search_term_string\"}],\"inLanguage\":\"es\"}]}<\/script>\n<!-- \/ Yoast SEO plugin. -->","yoast_head_json":{"title":"Trabaja con nosotros - Gabimedi","robots":{"index":"index","follow":"follow","max-snippet":"max-snippet:-1","max-image-preview":"max-image-preview:large","max-video-preview":"max-video-preview:-1"},"canonical":"https:\/\/gabimedi.com\/trabaja-con-nosotros\/?lang=es","og_locale":"es_ES","og_type":"article","og_title":"Trabaja con nosotros - Gabimedi","og_description":"Cont\u00e1ctanos. Te ofrecemos un futuro lleno de posibilidades. Buscamos siempre el equipo m\u00e1s cualificado. Evolucionamos en funci\u00f3n de las necesidades de nuestra empresa. De esta forma, van surgiendo nuevos departamentos con el fin de ofrecer un mejor servicio. &nbsp; &nbsp; &nbsp; &nbsp;","og_url":"https:\/\/gabimedi.com\/trabaja-con-nosotros\/?lang=es","og_site_name":"Gabimedi","article_modified_time":"2022-10-05T09:25:06+00:00","og_image":[{"width":2560,"height":901,"url":"https:\/\/gabimedi.com\/wp-content\/uploads\/2022\/07\/trabaja-scaled.jpg","type":"image\/jpeg"}],"twitter_card":"summary_large_image","twitter_misc":{"Tiempo de lectura":"1 minuto"},"schema":{"@context":"https:\/\/schema.org","@graph":[{"@type":"WebPage","@id":"https:\/\/gabimedi.com\/trabaja-con-nosotros\/?lang=es","url":"https:\/\/gabimedi.com\/trabaja-con-nosotros\/?lang=es","name":"Trabaja con nosotros - Gabimedi","isPartOf":{"@id":"https:\/\/gabimedi.com\/#website"},"datePublished":"2022-04-13T09:18:57+00:00","dateModified":"2022-10-05T09:25:06+00:00","breadcrumb":{"@id":"https:\/\/gabimedi.com\/trabaja-con-nosotros\/?lang=es#breadcrumb"},"inLanguage":"es","potentialAction":[{"@type":"ReadAction","target":["https:\/\/gabimedi.com\/trabaja-con-nosotros\/?lang=es"]}]},{"@type":"BreadcrumbList","@id":"https:\/\/gabimedi.com\/trabaja-con-nosotros\/?lang=es#breadcrumb","itemListElement":[{"@type":"ListItem","position":1,"name":"Inici","item":"https:\/\/gabimedi.com\/es\/"},{"@type":"ListItem","position":2,"name":"Trabaja con nosotros"}]},{"@type":"WebSite","@id":"https:\/\/gabimedi.com\/#website","url":"https:\/\/gabimedi.com\/","name":"Gabimedi","description":"Centres m\u00e8dics i dentals","potentialAction":[{"@type":"SearchAction","target":{"@type":"EntryPoint","urlTemplate":"https:\/\/gabimedi.com\/?s={search_term_string}"},"query-input":"required name=search_term_string"}],"inLanguage":"es"}]}},"_links":{"self":[{"href":"https:\/\/gabimedi.com\/es\/wp-json\/wp\/v2\/pages\/49"}],"collection":[{"href":"https:\/\/gabimedi.com\/es\/wp-json\/wp\/v2\/pages"}],"about":[{"href":"https:\/\/gabimedi.com\/es\/wp-json\/wp\/v2\/types\/page"}],"author":[{"embeddable":true,"href":"https:\/\/gabimedi.com\/es\/wp-json\/wp\/v2\/users\/2"}],"replies":[{"embeddable":true,"href":"https:\/\/gabimedi.com\/es\/wp-json\/wp\/v2\/comments?post=49"}],"version-history":[{"count":12,"href":"https:\/\/gabimedi.com\/es\/wp-json\/wp\/v2\/pages\/49\/revisions"}],"predecessor-version":[{"id":1552,"href":"https:\/\/gabimedi.com\/es\/wp-json\/wp\/v2\/pages\/49\/revisions\/1552"}],"wp:featuredmedia":[{"embeddable":true,"href":"https:\/\/gabimedi.com\/es\/wp-json\/wp\/v2\/media\/360"}],"wp:attachment":[{"href":"https:\/\/gabimedi.com\/es\/wp-json\/wp\/v2\/media?parent=49"}],"curies":[{"name":"wp","href":"https:\/\/api.w.org\/{rel}","templated":true}]}}