{"id":50,"date":"2022-04-13T09:18:38","date_gmt":"2022-04-13T09:18:38","guid":{"rendered":"https:\/\/gabimedi.com\/nuestros-clientes\/"},"modified":"2023-08-30T13:15:21","modified_gmt":"2023-08-30T13:15:21","slug":"nuestros-clientes","status":"publish","type":"page","link":"https:\/\/gabimedi.com\/es\/nuestros-clientes\/","title":{"rendered":"Nuestros clientes"},"content":{"rendered":"","protected":false},"excerpt":{"rendered":"","protected":false},"author":2,"featured_media":0,"parent":0,"menu_order":0,"comment_status":"closed","ping_status":"closed","template":"","meta":{"footnotes":""},"acf":[],"yoast_head":"<!-- This site is optimized with the Yoast SEO plugin v19.7.1 - https:\/\/yoast.com\/wordpress\/plugins\/seo\/ -->\n<title>Nuestros clientes - Gabimedi<\/title>\n<meta name=\"description\" content=\"Descubre la variedad de servicios m\u00e9dicos que ofrecemos en Gabimedi. Desde diagn\u00f3sticos avanzados hasta tratamientos personalizados, nuestra misi\u00f3n es brindar atenci\u00f3n sanitaria completa con un enfoque en tu bienestar. Bienvenido a un mundo de salud y cuidado de vanguardia\" \/>\n<meta name=\"robots\" content=\"index, follow, max-snippet:-1, max-image-preview:large, max-video-preview:-1\" \/>\n<link rel=\"canonical\" href=\"https:\/\/gabimedi.com\/es\/nuestros-clientes\/\" \/>\n<meta property=\"og:locale\" content=\"es_ES\" \/>\n<meta property=\"og:type\" content=\"article\" \/>\n<meta property=\"og:title\" content=\"Nuestros clientes - Gabimedi\" \/>\n<meta property=\"og:description\" content=\"Descubre la variedad de servicios m\u00e9dicos que ofrecemos en Gabimedi. Desde diagn\u00f3sticos avanzados hasta tratamientos personalizados, nuestra misi\u00f3n es brindar atenci\u00f3n sanitaria completa con un enfoque en tu bienestar. Bienvenido a un mundo de salud y cuidado de vanguardia\" \/>\n<meta property=\"og:url\" content=\"https:\/\/gabimedi.com\/es\/nuestros-clientes\/\" \/>\n<meta property=\"og:site_name\" content=\"Gabimedi\" \/>\n<meta property=\"article:modified_time\" content=\"2023-08-30T13:15:21+00:00\" \/>\n<meta name=\"twitter:card\" content=\"summary_large_image\" \/>\n<script type=\"application\/ld+json\" class=\"yoast-schema-graph\">{\"@context\":\"https:\/\/schema.org\",\"@graph\":[{\"@type\":\"WebPage\",\"@id\":\"https:\/\/gabimedi.com\/es\/nuestros-clientes\/\",\"url\":\"https:\/\/gabimedi.com\/es\/nuestros-clientes\/\",\"name\":\"Nuestros clientes - Gabimedi\",\"isPartOf\":{\"@id\":\"https:\/\/gabimedi.com\/#website\"},\"datePublished\":\"2022-04-13T09:18:38+00:00\",\"dateModified\":\"2023-08-30T13:15:21+00:00\",\"description\":\"Descubre la variedad de servicios m\u00e9dicos que ofrecemos en Gabimedi. Desde diagn\u00f3sticos avanzados hasta tratamientos personalizados, nuestra misi\u00f3n es brindar atenci\u00f3n sanitaria completa con un enfoque en tu bienestar. Bienvenido a un mundo de salud y cuidado de vanguardia\",\"breadcrumb\":{\"@id\":\"https:\/\/gabimedi.com\/es\/nuestros-clientes\/#breadcrumb\"},\"inLanguage\":\"es\",\"potentialAction\":[{\"@type\":\"ReadAction\",\"target\":[\"https:\/\/gabimedi.com\/es\/nuestros-clientes\/\"]}]},{\"@type\":\"BreadcrumbList\",\"@id\":\"https:\/\/gabimedi.com\/es\/nuestros-clientes\/#breadcrumb\",\"itemListElement\":[{\"@type\":\"ListItem\",\"position\":1,\"name\":\"Inici\",\"item\":\"https:\/\/gabimedi.com\/es\/\"},{\"@type\":\"ListItem\",\"position\":2,\"name\":\"Nuestros clientes\"}]},{\"@type\":\"WebSite\",\"@id\":\"https:\/\/gabimedi.com\/#website\",\"url\":\"https:\/\/gabimedi.com\/\",\"name\":\"Gabimedi\",\"description\":\"Centres m\u00e8dics i dentals\",\"potentialAction\":[{\"@type\":\"SearchAction\",\"target\":{\"@type\":\"EntryPoint\",\"urlTemplate\":\"https:\/\/gabimedi.com\/?s={search_term_string}\"},\"query-input\":\"required name=search_term_string\"}],\"inLanguage\":\"es\"}]}<\/script>\n<!-- \/ Yoast SEO plugin. -->","yoast_head_json":{"title":"Nuestros clientes - Gabimedi","description":"Descubre la variedad de servicios m\u00e9dicos que ofrecemos en Gabimedi. Desde diagn\u00f3sticos avanzados hasta tratamientos personalizados, nuestra misi\u00f3n es brindar atenci\u00f3n sanitaria completa con un enfoque en tu bienestar. Bienvenido a un mundo de salud y cuidado de vanguardia","robots":{"index":"index","follow":"follow","max-snippet":"max-snippet:-1","max-image-preview":"max-image-preview:large","max-video-preview":"max-video-preview:-1"},"canonical":"https:\/\/gabimedi.com\/es\/nuestros-clientes\/","og_locale":"es_ES","og_type":"article","og_title":"Nuestros clientes - Gabimedi","og_description":"Descubre la variedad de servicios m\u00e9dicos que ofrecemos en Gabimedi. Desde diagn\u00f3sticos avanzados hasta tratamientos personalizados, nuestra misi\u00f3n es brindar atenci\u00f3n sanitaria completa con un enfoque en tu bienestar. Bienvenido a un mundo de salud y cuidado de vanguardia","og_url":"https:\/\/gabimedi.com\/es\/nuestros-clientes\/","og_site_name":"Gabimedi","article_modified_time":"2023-08-30T13:15:21+00:00","twitter_card":"summary_large_image","schema":{"@context":"https:\/\/schema.org","@graph":[{"@type":"WebPage","@id":"https:\/\/gabimedi.com\/es\/nuestros-clientes\/","url":"https:\/\/gabimedi.com\/es\/nuestros-clientes\/","name":"Nuestros clientes - Gabimedi","isPartOf":{"@id":"https:\/\/gabimedi.com\/#website"},"datePublished":"2022-04-13T09:18:38+00:00","dateModified":"2023-08-30T13:15:21+00:00","description":"Descubre la variedad de servicios m\u00e9dicos que ofrecemos en Gabimedi. Desde diagn\u00f3sticos avanzados hasta tratamientos personalizados, nuestra misi\u00f3n es brindar atenci\u00f3n sanitaria completa con un enfoque en tu bienestar. Bienvenido a un mundo de salud y cuidado de vanguardia","breadcrumb":{"@id":"https:\/\/gabimedi.com\/es\/nuestros-clientes\/#breadcrumb"},"inLanguage":"es","potentialAction":[{"@type":"ReadAction","target":["https:\/\/gabimedi.com\/es\/nuestros-clientes\/"]}]},{"@type":"BreadcrumbList","@id":"https:\/\/gabimedi.com\/es\/nuestros-clientes\/#breadcrumb","itemListElement":[{"@type":"ListItem","position":1,"name":"Inici","item":"https:\/\/gabimedi.com\/es\/"},{"@type":"ListItem","position":2,"name":"Nuestros clientes"}]},{"@type":"WebSite","@id":"https:\/\/gabimedi.com\/#website","url":"https:\/\/gabimedi.com\/","name":"Gabimedi","description":"Centres m\u00e8dics i dentals","potentialAction":[{"@type":"SearchAction","target":{"@type":"EntryPoint","urlTemplate":"https:\/\/gabimedi.com\/?s={search_term_string}"},"query-input":"required name=search_term_string"}],"inLanguage":"es"}]}},"_links":{"self":[{"href":"https:\/\/gabimedi.com\/es\/wp-json\/wp\/v2\/pages\/50"}],"collection":[{"href":"https:\/\/gabimedi.com\/es\/wp-json\/wp\/v2\/pages"}],"about":[{"href":"https:\/\/gabimedi.com\/es\/wp-json\/wp\/v2\/types\/page"}],"author":[{"embeddable":true,"href":"https:\/\/gabimedi.com\/es\/wp-json\/wp\/v2\/users\/2"}],"replies":[{"embeddable":true,"href":"https:\/\/gabimedi.com\/es\/wp-json\/wp\/v2\/comments?post=50"}],"version-history":[{"count":1,"href":"https:\/\/gabimedi.com\/es\/wp-json\/wp\/v2\/pages\/50\/revisions"}],"predecessor-version":[{"id":1566,"href":"https:\/\/gabimedi.com\/es\/wp-json\/wp\/v2\/pages\/50\/revisions\/1566"}],"wp:attachment":[{"href":"https:\/\/gabimedi.com\/es\/wp-json\/wp\/v2\/media?parent=50"}],"curies":[{"name":"wp","href":"https:\/\/api.w.org\/{rel}","templated":true}]}}