{"id":52,"date":"2022-04-13T09:15:43","date_gmt":"2022-04-13T09:15:43","guid":{"rendered":"https:\/\/gabimedi.com\/casa\/"},"modified":"2023-08-30T13:13:57","modified_gmt":"2023-08-30T13:13:57","slug":"casa","status":"publish","type":"page","link":"https:\/\/gabimedi.com\/es\/","title":{"rendered":"Home"},"content":{"rendered":"\n<p><\/p>\n\n\n\n<p><\/p>\n","protected":false},"excerpt":{"rendered":"","protected":false},"author":2,"featured_media":0,"parent":0,"menu_order":0,"comment_status":"closed","ping_status":"closed","template":"","meta":{"footnotes":""},"acf":[],"yoast_head":"<!-- This site is optimized with the Yoast SEO plugin v19.7.1 - https:\/\/yoast.com\/wordpress\/plugins\/seo\/ -->\n<title>Home - Gabimedi<\/title>\n<meta name=\"description\" content=\"Servicios de salud, diagn\u00f3stico preciso y atenci\u00f3n sanitaria en todos los niveles. Nuestro compromiso es ofrecer cuidado m\u00e9dico integral y de calidad para ti y tus seres queridos\" \/>\n<meta name=\"robots\" content=\"index, follow, max-snippet:-1, max-image-preview:large, max-video-preview:-1\" \/>\n<link rel=\"canonical\" href=\"https:\/\/gabimedi.com\/es\/\" \/>\n<meta property=\"og:locale\" content=\"es_ES\" \/>\n<meta property=\"og:type\" content=\"article\" \/>\n<meta property=\"og:title\" content=\"Home - Gabimedi\" \/>\n<meta property=\"og:description\" content=\"Servicios de salud, diagn\u00f3stico preciso y atenci\u00f3n sanitaria en todos los niveles. Nuestro compromiso es ofrecer cuidado m\u00e9dico integral y de calidad para ti y tus seres queridos\" \/>\n<meta property=\"og:url\" content=\"https:\/\/gabimedi.com\/es\/\" \/>\n<meta property=\"og:site_name\" content=\"Gabimedi\" \/>\n<meta property=\"article:modified_time\" content=\"2023-08-30T13:13:57+00:00\" \/>\n<meta name=\"twitter:card\" content=\"summary_large_image\" \/>\n<script type=\"application\/ld+json\" class=\"yoast-schema-graph\">{\"@context\":\"https:\/\/schema.org\",\"@graph\":[{\"@type\":\"WebPage\",\"@id\":\"https:\/\/gabimedi.com\/es\/\",\"url\":\"https:\/\/gabimedi.com\/es\/\",\"name\":\"Home - Gabimedi\",\"isPartOf\":{\"@id\":\"https:\/\/gabimedi.com\/#website\"},\"datePublished\":\"2022-04-13T09:15:43+00:00\",\"dateModified\":\"2023-08-30T13:13:57+00:00\",\"description\":\"Servicios de salud, diagn\u00f3stico preciso y atenci\u00f3n sanitaria en todos los niveles. Nuestro compromiso es ofrecer cuidado m\u00e9dico integral y de calidad para ti y tus seres queridos\",\"breadcrumb\":{\"@id\":\"https:\/\/gabimedi.com\/es\/#breadcrumb\"},\"inLanguage\":\"es\",\"potentialAction\":[{\"@type\":\"ReadAction\",\"target\":[\"https:\/\/gabimedi.com\/es\/\"]}]},{\"@type\":\"BreadcrumbList\",\"@id\":\"https:\/\/gabimedi.com\/es\/#breadcrumb\",\"itemListElement\":[{\"@type\":\"ListItem\",\"position\":1,\"name\":\"Inici\",\"item\":\"https:\/\/gabimedi.com\/es\/\"},{\"@type\":\"ListItem\",\"position\":2,\"name\":\"Home\"}]},{\"@type\":\"WebSite\",\"@id\":\"https:\/\/gabimedi.com\/#website\",\"url\":\"https:\/\/gabimedi.com\/\",\"name\":\"Gabimedi\",\"description\":\"Centres m\u00e8dics i dentals\",\"potentialAction\":[{\"@type\":\"SearchAction\",\"target\":{\"@type\":\"EntryPoint\",\"urlTemplate\":\"https:\/\/gabimedi.com\/?s={search_term_string}\"},\"query-input\":\"required name=search_term_string\"}],\"inLanguage\":\"es\"}]}<\/script>\n<!-- \/ Yoast SEO plugin. -->","yoast_head_json":{"title":"Home - Gabimedi","description":"Servicios de salud, diagn\u00f3stico preciso y atenci\u00f3n sanitaria en todos los niveles. Nuestro compromiso es ofrecer cuidado m\u00e9dico integral y de calidad para ti y tus seres queridos","robots":{"index":"index","follow":"follow","max-snippet":"max-snippet:-1","max-image-preview":"max-image-preview:large","max-video-preview":"max-video-preview:-1"},"canonical":"https:\/\/gabimedi.com\/es\/","og_locale":"es_ES","og_type":"article","og_title":"Home - Gabimedi","og_description":"Servicios de salud, diagn\u00f3stico preciso y atenci\u00f3n sanitaria en todos los niveles. Nuestro compromiso es ofrecer cuidado m\u00e9dico integral y de calidad para ti y tus seres queridos","og_url":"https:\/\/gabimedi.com\/es\/","og_site_name":"Gabimedi","article_modified_time":"2023-08-30T13:13:57+00:00","twitter_card":"summary_large_image","schema":{"@context":"https:\/\/schema.org","@graph":[{"@type":"WebPage","@id":"https:\/\/gabimedi.com\/es\/","url":"https:\/\/gabimedi.com\/es\/","name":"Home - Gabimedi","isPartOf":{"@id":"https:\/\/gabimedi.com\/#website"},"datePublished":"2022-04-13T09:15:43+00:00","dateModified":"2023-08-30T13:13:57+00:00","description":"Servicios de salud, diagn\u00f3stico preciso y atenci\u00f3n sanitaria en todos los niveles. Nuestro compromiso es ofrecer cuidado m\u00e9dico integral y de calidad para ti y tus seres queridos","breadcrumb":{"@id":"https:\/\/gabimedi.com\/es\/#breadcrumb"},"inLanguage":"es","potentialAction":[{"@type":"ReadAction","target":["https:\/\/gabimedi.com\/es\/"]}]},{"@type":"BreadcrumbList","@id":"https:\/\/gabimedi.com\/es\/#breadcrumb","itemListElement":[{"@type":"ListItem","position":1,"name":"Inici","item":"https:\/\/gabimedi.com\/es\/"},{"@type":"ListItem","position":2,"name":"Home"}]},{"@type":"WebSite","@id":"https:\/\/gabimedi.com\/#website","url":"https:\/\/gabimedi.com\/","name":"Gabimedi","description":"Centres m\u00e8dics i dentals","potentialAction":[{"@type":"SearchAction","target":{"@type":"EntryPoint","urlTemplate":"https:\/\/gabimedi.com\/?s={search_term_string}"},"query-input":"required name=search_term_string"}],"inLanguage":"es"}]}},"_links":{"self":[{"href":"https:\/\/gabimedi.com\/es\/wp-json\/wp\/v2\/pages\/52"}],"collection":[{"href":"https:\/\/gabimedi.com\/es\/wp-json\/wp\/v2\/pages"}],"about":[{"href":"https:\/\/gabimedi.com\/es\/wp-json\/wp\/v2\/types\/page"}],"author":[{"embeddable":true,"href":"https:\/\/gabimedi.com\/es\/wp-json\/wp\/v2\/users\/2"}],"replies":[{"embeddable":true,"href":"https:\/\/gabimedi.com\/es\/wp-json\/wp\/v2\/comments?post=52"}],"version-history":[{"count":9,"href":"https:\/\/gabimedi.com\/es\/wp-json\/wp\/v2\/pages\/52\/revisions"}],"predecessor-version":[{"id":1519,"href":"https:\/\/gabimedi.com\/es\/wp-json\/wp\/v2\/pages\/52\/revisions\/1519"}],"wp:attachment":[{"href":"https:\/\/gabimedi.com\/es\/wp-json\/wp\/v2\/media?parent=52"}],"curies":[{"name":"wp","href":"https:\/\/api.w.org\/{rel}","templated":true}]}}