{"id":75,"date":"2022-04-26T10:40:00","date_gmt":"2022-04-26T10:40:00","guid":{"rendered":"https:\/\/gabimedi.com\/politica-de-cookies\/"},"modified":"2022-09-02T14:33:35","modified_gmt":"2022-09-02T14:33:35","slug":"politica-de-cookies","status":"publish","type":"page","link":"https:\/\/gabimedi.com\/es\/politica-de-cookies\/","title":{"rendered":"Pol\u00edtica de cookies"},"content":{"rendered":"<h2>Pol\u00edtica de Cookies<\/h2>\n<p>En Gabimedi.com utilizamos cookies (datos de navegaci\u00f3n) para conocer los h\u00e1bitos de nuestros usuarios y as\u00ed mejorar nuestros servicios.<\/p>\n<p><strong>\u00bfQu\u00e9 son las cookies?<\/strong><br \/>\n<span>Las cookies son peque\u00f1os archivos de texto que el navegador almacena cuando se navega por sitios web y aplicaciones. Se puede recoger la direcci\u00f3n IP que utiliza el ordenador para conectarse al sitio web, la direcci\u00f3n URL de la p\u00e1gina web solicitada, la hora de la conexi\u00f3n y otros par\u00e1metros relativos al sistema operativo del entorno inform\u00e1tico de usuario. Esta informaci\u00f3n se recoge con el objetivo de facilitar los an\u00e1lisis del sitio web.<\/span><\/p>\n<p><strong><br \/>\nTipo de cookies<\/strong> utilizadas en Gabimedi.com<br \/>\n<span> Cookies estad\u00edsticas: recogen informaci\u00f3n sobre la fecha de visita, la URL y el&nbsp;<\/span><span>t\u00edtulo de la p\u00e1gina web visitada. Los informes generados con \u00e9sta&nbsp;<\/span><span>informaci\u00f3n ser\u00e1n meramente estad\u00edsticos dando informaci\u00f3n sobre el&nbsp;<\/span><span>comportament de navegaci\u00f3 de forma an\u00f2nima.<br \/>\n<\/span><span> Cookies anal\u00edticas: son utilizadas para realizar el seguimiento sobre el&nbsp;<\/span><span>motor de b\u00fasqueda desde el que ha visitado la web y qu\u00e9 t\u00e9rminos de&nbsp;<\/span><span>b\u00fasqueda se utilizaron para encontrarlo, calculan el tiempo pasado en la&nbsp;<\/span><span>web en cada sesi\u00f3n y el n\u00famero de veces que el usuario ha visitado la&nbsp;<\/span><span>p\u00e1gina.<\/span><\/p>\n<p>La lista de cookies utilizadas podr\u00e1 modificarse en funci\u00f3n de la&nbsp;<span>incorporaci\u00f3n o exclusi\u00f3n de servicios en el sitio web o aplicaciones.<\/span><\/p>\n<p><strong><br \/>\nAceptaci\u00f3n de cookies<\/strong><br \/>\n<span>Si contin\u00faa su navegaci\u00f3n una vez informado\/a sobre la Pol\u00edtica de&nbsp;<\/span><span>Cookies, entenderemos que acepta la utilizaci\u00f3n de las cookies por parte de&nbsp;<\/span><span>la web y sus aplicaciones. Sin embargo, usted puede cambiar la&nbsp;<\/span><span>configuraci\u00f3n de cookies en cualquier momento, configurando tu navegador&nbsp;<\/span><span>para aceptar, o no, las cookies. L&#8217;informem que en el cas de bloquejar o no acceptar la instal\u00b7laci\u00f3 de cookies, \u00e9s possible que certs apartats del lloc web no funcionin correctament.<\/span><\/p>\n<p>Gabimedi.com le agradece la aceptaci\u00f3n de cookies, ya que nos ayuda a obtener datos m\u00e1s precisos que nos permiten mejorar el contenido y el dise\u00f1o de nuestra p\u00e1gina web y as\u00ed poder adaptarla a sus preferencias.<\/p>\n","protected":false},"excerpt":{"rendered":"<p>Pol\u00edtica de Cookies En Gabimedi.com utilizamos cookies (datos de navegaci\u00f3n) para conocer los h\u00e1bitos de nuestros usuarios y as\u00ed mejorar nuestros servicios. \u00bfQu\u00e9 son las cookies? Las cookies son peque\u00f1os archivos de texto que el navegador almacena cuando se navega por sitios web y aplicaciones. Se puede recoger la direcci\u00f3n IP que utiliza el ordenador [&hellip;]<\/p>\n","protected":false},"author":2,"featured_media":0,"parent":0,"menu_order":0,"comment_status":"closed","ping_status":"closed","template":"","meta":{"footnotes":""},"acf":[],"yoast_head":"<!-- This site is optimized with the Yoast SEO plugin v19.7.1 - https:\/\/yoast.com\/wordpress\/plugins\/seo\/ -->\n<title>Pol\u00edtica de cookies - Gabimedi<\/title>\n<meta name=\"robots\" content=\"index, follow, max-snippet:-1, max-image-preview:large, max-video-preview:-1\" \/>\n<link rel=\"canonical\" href=\"https:\/\/gabimedi.com\/politica-de-cookies\/?lang=es\" \/>\n<meta property=\"og:locale\" content=\"es_ES\" \/>\n<meta property=\"og:type\" content=\"article\" \/>\n<meta property=\"og:title\" content=\"Pol\u00edtica de cookies - Gabimedi\" \/>\n<meta property=\"og:description\" content=\"Pol\u00edtica de Cookies En Gabimedi.com utilizamos cookies (datos de navegaci\u00f3n) para conocer los h\u00e1bitos de nuestros usuarios y as\u00ed mejorar nuestros servicios. \u00bfQu\u00e9 son las cookies? Las cookies son peque\u00f1os archivos de texto que el navegador almacena cuando se navega por sitios web y aplicaciones. Se puede recoger la direcci\u00f3n IP que utiliza el ordenador [&hellip;]\" \/>\n<meta property=\"og:url\" content=\"https:\/\/gabimedi.com\/politica-de-cookies\/?lang=es\" \/>\n<meta property=\"og:site_name\" content=\"Gabimedi\" \/>\n<meta property=\"article:modified_time\" content=\"2022-09-02T14:33:35+00:00\" \/>\n<meta name=\"twitter:card\" content=\"summary_large_image\" \/>\n<meta name=\"twitter:label1\" content=\"Tiempo de lectura\" \/>\n\t<meta name=\"twitter:data1\" content=\"2 minutos\" \/>\n<script type=\"application\/ld+json\" class=\"yoast-schema-graph\">{\"@context\":\"https:\/\/schema.org\",\"@graph\":[{\"@type\":\"WebPage\",\"@id\":\"https:\/\/gabimedi.com\/politica-de-cookies\/?lang=es\",\"url\":\"https:\/\/gabimedi.com\/politica-de-cookies\/?lang=es\",\"name\":\"Pol\u00edtica de cookies - Gabimedi\",\"isPartOf\":{\"@id\":\"https:\/\/gabimedi.com\/#website\"},\"datePublished\":\"2022-04-26T10:40:00+00:00\",\"dateModified\":\"2022-09-02T14:33:35+00:00\",\"breadcrumb\":{\"@id\":\"https:\/\/gabimedi.com\/politica-de-cookies\/?lang=es#breadcrumb\"},\"inLanguage\":\"es\",\"potentialAction\":[{\"@type\":\"ReadAction\",\"target\":[\"https:\/\/gabimedi.com\/politica-de-cookies\/?lang=es\"]}]},{\"@type\":\"BreadcrumbList\",\"@id\":\"https:\/\/gabimedi.com\/politica-de-cookies\/?lang=es#breadcrumb\",\"itemListElement\":[{\"@type\":\"ListItem\",\"position\":1,\"name\":\"Inici\",\"item\":\"https:\/\/gabimedi.com\/es\/\"},{\"@type\":\"ListItem\",\"position\":2,\"name\":\"Pol\u00edtica de cookies\"}]},{\"@type\":\"WebSite\",\"@id\":\"https:\/\/gabimedi.com\/#website\",\"url\":\"https:\/\/gabimedi.com\/\",\"name\":\"Gabimedi\",\"description\":\"Centres m\u00e8dics i dentals\",\"potentialAction\":[{\"@type\":\"SearchAction\",\"target\":{\"@type\":\"EntryPoint\",\"urlTemplate\":\"https:\/\/gabimedi.com\/?s={search_term_string}\"},\"query-input\":\"required name=search_term_string\"}],\"inLanguage\":\"es\"}]}<\/script>\n<!-- \/ Yoast SEO plugin. -->","yoast_head_json":{"title":"Pol\u00edtica de cookies - Gabimedi","robots":{"index":"index","follow":"follow","max-snippet":"max-snippet:-1","max-image-preview":"max-image-preview:large","max-video-preview":"max-video-preview:-1"},"canonical":"https:\/\/gabimedi.com\/politica-de-cookies\/?lang=es","og_locale":"es_ES","og_type":"article","og_title":"Pol\u00edtica de cookies - Gabimedi","og_description":"Pol\u00edtica de Cookies En Gabimedi.com utilizamos cookies (datos de navegaci\u00f3n) para conocer los h\u00e1bitos de nuestros usuarios y as\u00ed mejorar nuestros servicios. \u00bfQu\u00e9 son las cookies? Las cookies son peque\u00f1os archivos de texto que el navegador almacena cuando se navega por sitios web y aplicaciones. Se puede recoger la direcci\u00f3n IP que utiliza el ordenador [&hellip;]","og_url":"https:\/\/gabimedi.com\/politica-de-cookies\/?lang=es","og_site_name":"Gabimedi","article_modified_time":"2022-09-02T14:33:35+00:00","twitter_card":"summary_large_image","twitter_misc":{"Tiempo de lectura":"2 minutos"},"schema":{"@context":"https:\/\/schema.org","@graph":[{"@type":"WebPage","@id":"https:\/\/gabimedi.com\/politica-de-cookies\/?lang=es","url":"https:\/\/gabimedi.com\/politica-de-cookies\/?lang=es","name":"Pol\u00edtica de cookies - Gabimedi","isPartOf":{"@id":"https:\/\/gabimedi.com\/#website"},"datePublished":"2022-04-26T10:40:00+00:00","dateModified":"2022-09-02T14:33:35+00:00","breadcrumb":{"@id":"https:\/\/gabimedi.com\/politica-de-cookies\/?lang=es#breadcrumb"},"inLanguage":"es","potentialAction":[{"@type":"ReadAction","target":["https:\/\/gabimedi.com\/politica-de-cookies\/?lang=es"]}]},{"@type":"BreadcrumbList","@id":"https:\/\/gabimedi.com\/politica-de-cookies\/?lang=es#breadcrumb","itemListElement":[{"@type":"ListItem","position":1,"name":"Inici","item":"https:\/\/gabimedi.com\/es\/"},{"@type":"ListItem","position":2,"name":"Pol\u00edtica de cookies"}]},{"@type":"WebSite","@id":"https:\/\/gabimedi.com\/#website","url":"https:\/\/gabimedi.com\/","name":"Gabimedi","description":"Centres m\u00e8dics i dentals","potentialAction":[{"@type":"SearchAction","target":{"@type":"EntryPoint","urlTemplate":"https:\/\/gabimedi.com\/?s={search_term_string}"},"query-input":"required name=search_term_string"}],"inLanguage":"es"}]}},"_links":{"self":[{"href":"https:\/\/gabimedi.com\/es\/wp-json\/wp\/v2\/pages\/75"}],"collection":[{"href":"https:\/\/gabimedi.com\/es\/wp-json\/wp\/v2\/pages"}],"about":[{"href":"https:\/\/gabimedi.com\/es\/wp-json\/wp\/v2\/types\/page"}],"author":[{"embeddable":true,"href":"https:\/\/gabimedi.com\/es\/wp-json\/wp\/v2\/users\/2"}],"replies":[{"embeddable":true,"href":"https:\/\/gabimedi.com\/es\/wp-json\/wp\/v2\/comments?post=75"}],"version-history":[{"count":1,"href":"https:\/\/gabimedi.com\/es\/wp-json\/wp\/v2\/pages\/75\/revisions"}],"predecessor-version":[{"id":1389,"href":"https:\/\/gabimedi.com\/es\/wp-json\/wp\/v2\/pages\/75\/revisions\/1389"}],"wp:attachment":[{"href":"https:\/\/gabimedi.com\/es\/wp-json\/wp\/v2\/media?parent=75"}],"curies":[{"name":"wp","href":"https:\/\/api.w.org\/{rel}","templated":true}]}}