{"id":76,"date":"2022-04-26T10:33:00","date_gmt":"2022-04-26T10:33:00","guid":{"rendered":"https:\/\/gabimedi.com\/privacidad\/"},"modified":"2022-09-02T14:52:11","modified_gmt":"2022-09-02T14:52:11","slug":"privacidad","status":"publish","type":"page","link":"https:\/\/gabimedi.com\/es\/privacidad\/","title":{"rendered":"Privacidad"},"content":{"rendered":"<h2><strong>POL\u00cdTICA DE PRIVACIDAD<\/strong><\/h2>\n<p><strong>Protecci\u00f3n de Datos<\/strong><\/p>\n<p>GABIMEDI, S.L. adoptar\u00e1 todas las Medidas de Seguridad en relaci\u00f3n con el tratamiento realizado y los datos tratados en ellos, de acuerdo con lo que se prev\u00e9 en la legislaci\u00f3n vigente en materia de Protecci\u00f3n de Datos de Car\u00e1cter Personal, y normas complementarias.<\/p>\n<p>Los interesados \u200b\u200bque faciliten datos de car\u00e1cter personal, consienten inequ\u00edvocamente la incorporaci\u00f3n de sus datos a los sistemas de informaci\u00f3n, de los que sea responsable GABIMEDI, S.L. as\u00ed como el tratamiento informatizado, o no, de los mismos para que puedan ser utilizados con la finalidad para la que han sido recaudados. Cualquier otro uso necesitar\u00e1 el consentimiento inequ\u00edvoco del afectado.<\/p>\n<p>Los interesados \u200b\u200bcuyos datos sean objeto de tratamiento podr\u00e1n ejercitar gratuitamente los derechos de acceso, rectificaci\u00f3n, supresi\u00f3n, limitaci\u00f3n del tratamiento, portabilidad y oposici\u00f3n, sin efectos retroactivos dirigiendo comunicaci\u00f3n por escrito a GABIMEDI, S.L.<\/p>\n<p>En el momento de conducta en la recogida de los datos se indicar\u00e1 el car\u00e1cter voluntario u obligatorio de los datos objeto de recogida. La negativa a proporcionar los datos calificados como obligatorios supondr\u00e1 la no prestaci\u00f3n o la imposibilidad de acceder al servicio para los que eran solicitadas.<\/p>\n<p>En caso de que los interesados \u200b\u200btuvieran que facilitar su direcci\u00f3n de correo electr\u00f3nico para acceder a algunos de los servicios ofrecidos, podr\u00e1n manifestar que no desean recibir ning\u00fan tipo de comunicaci\u00f3n que GABIMEDI, S.L. pudiera enviar, siempre que no est\u00e9 ligada estrictamente a la finalidad para la que se solicit\u00f3 el servicio. GABIMEDI, S.L. pondr\u00e1 a disposici\u00f3n de los interesados \u200b\u200bque se hubiesen inscrito en alg\u00fan tipo de lista de correo dentro de esta web los mecanismos adecuados para darse de baja de \u00e9sta.<\/p>\n<p><strong>Deber de informaci\u00f3n LSSI<\/strong><\/p>\n<p>En cumplimiento con el que se prev\u00e9 en la Ley 34\/2002, de 11 de julio, de Servicios de la Sociedad de la Informaci\u00f3n y Comercio Electr\u00f3nico, se comunican los siguientes datos:<\/p>\n<p>GABIMEDI, S.L.<br \/>\nC.I.F.: B17412636<br \/>\nDirecci\u00f3n: C\/ Amadeu Vives 25, Tordera (Barcelona).<br \/>\n<a href=\"\/cat\/..\/\">www.gabimedi.com<\/a><\/p>\n","protected":false},"excerpt":{"rendered":"<p>POL\u00cdTICA DE PRIVACIDAD Protecci\u00f3n de Datos GABIMEDI, S.L. adoptar\u00e1 todas las Medidas de Seguridad en relaci\u00f3n con el tratamiento realizado y los datos tratados en ellos, de acuerdo con lo que se prev\u00e9 en la legislaci\u00f3n vigente en materia de Protecci\u00f3n de Datos de Car\u00e1cter Personal, y normas complementarias. Los interesados \u200b\u200bque faciliten datos de [&hellip;]<\/p>\n","protected":false},"author":2,"featured_media":0,"parent":0,"menu_order":0,"comment_status":"closed","ping_status":"closed","template":"","meta":{"footnotes":""},"acf":[],"yoast_head":"<!-- This site is optimized with the Yoast SEO plugin v19.7.1 - https:\/\/yoast.com\/wordpress\/plugins\/seo\/ -->\n<title>Privacidad - Gabimedi<\/title>\n<meta name=\"robots\" content=\"index, follow, max-snippet:-1, max-image-preview:large, max-video-preview:-1\" \/>\n<link rel=\"canonical\" href=\"https:\/\/gabimedi.com\/privacidad\/?lang=es\" \/>\n<meta property=\"og:locale\" content=\"es_ES\" \/>\n<meta property=\"og:type\" content=\"article\" \/>\n<meta property=\"og:title\" content=\"Privacidad - Gabimedi\" \/>\n<meta property=\"og:description\" content=\"POL\u00cdTICA DE PRIVACIDAD Protecci\u00f3n de Datos GABIMEDI, S.L. adoptar\u00e1 todas las Medidas de Seguridad en relaci\u00f3n con el tratamiento realizado y los datos tratados en ellos, de acuerdo con lo que se prev\u00e9 en la legislaci\u00f3n vigente en materia de Protecci\u00f3n de Datos de Car\u00e1cter Personal, y normas complementarias. Los interesados \u200b\u200bque faciliten datos de [&hellip;]\" \/>\n<meta property=\"og:url\" content=\"https:\/\/gabimedi.com\/privacidad\/?lang=es\" \/>\n<meta property=\"og:site_name\" content=\"Gabimedi\" \/>\n<meta property=\"article:modified_time\" content=\"2022-09-02T14:52:11+00:00\" \/>\n<meta name=\"twitter:card\" content=\"summary_large_image\" \/>\n<meta name=\"twitter:label1\" content=\"Tiempo de lectura\" \/>\n\t<meta name=\"twitter:data1\" content=\"2 minutos\" \/>\n<script type=\"application\/ld+json\" class=\"yoast-schema-graph\">{\"@context\":\"https:\/\/schema.org\",\"@graph\":[{\"@type\":\"WebPage\",\"@id\":\"https:\/\/gabimedi.com\/privacidad\/?lang=es\",\"url\":\"https:\/\/gabimedi.com\/privacidad\/?lang=es\",\"name\":\"Privacidad - Gabimedi\",\"isPartOf\":{\"@id\":\"https:\/\/gabimedi.com\/#website\"},\"datePublished\":\"2022-04-26T10:33:00+00:00\",\"dateModified\":\"2022-09-02T14:52:11+00:00\",\"breadcrumb\":{\"@id\":\"https:\/\/gabimedi.com\/privacidad\/?lang=es#breadcrumb\"},\"inLanguage\":\"es\",\"potentialAction\":[{\"@type\":\"ReadAction\",\"target\":[\"https:\/\/gabimedi.com\/privacidad\/?lang=es\"]}]},{\"@type\":\"BreadcrumbList\",\"@id\":\"https:\/\/gabimedi.com\/privacidad\/?lang=es#breadcrumb\",\"itemListElement\":[{\"@type\":\"ListItem\",\"position\":1,\"name\":\"Inici\",\"item\":\"https:\/\/gabimedi.com\/es\/\"},{\"@type\":\"ListItem\",\"position\":2,\"name\":\"Privacidad\"}]},{\"@type\":\"WebSite\",\"@id\":\"https:\/\/gabimedi.com\/#website\",\"url\":\"https:\/\/gabimedi.com\/\",\"name\":\"Gabimedi\",\"description\":\"Centres m\u00e8dics i dentals\",\"potentialAction\":[{\"@type\":\"SearchAction\",\"target\":{\"@type\":\"EntryPoint\",\"urlTemplate\":\"https:\/\/gabimedi.com\/?s={search_term_string}\"},\"query-input\":\"required name=search_term_string\"}],\"inLanguage\":\"es\"}]}<\/script>\n<!-- \/ Yoast SEO plugin. -->","yoast_head_json":{"title":"Privacidad - Gabimedi","robots":{"index":"index","follow":"follow","max-snippet":"max-snippet:-1","max-image-preview":"max-image-preview:large","max-video-preview":"max-video-preview:-1"},"canonical":"https:\/\/gabimedi.com\/privacidad\/?lang=es","og_locale":"es_ES","og_type":"article","og_title":"Privacidad - Gabimedi","og_description":"POL\u00cdTICA DE PRIVACIDAD Protecci\u00f3n de Datos GABIMEDI, S.L. adoptar\u00e1 todas las Medidas de Seguridad en relaci\u00f3n con el tratamiento realizado y los datos tratados en ellos, de acuerdo con lo que se prev\u00e9 en la legislaci\u00f3n vigente en materia de Protecci\u00f3n de Datos de Car\u00e1cter Personal, y normas complementarias. Los interesados \u200b\u200bque faciliten datos de [&hellip;]","og_url":"https:\/\/gabimedi.com\/privacidad\/?lang=es","og_site_name":"Gabimedi","article_modified_time":"2022-09-02T14:52:11+00:00","twitter_card":"summary_large_image","twitter_misc":{"Tiempo de lectura":"2 minutos"},"schema":{"@context":"https:\/\/schema.org","@graph":[{"@type":"WebPage","@id":"https:\/\/gabimedi.com\/privacidad\/?lang=es","url":"https:\/\/gabimedi.com\/privacidad\/?lang=es","name":"Privacidad - Gabimedi","isPartOf":{"@id":"https:\/\/gabimedi.com\/#website"},"datePublished":"2022-04-26T10:33:00+00:00","dateModified":"2022-09-02T14:52:11+00:00","breadcrumb":{"@id":"https:\/\/gabimedi.com\/privacidad\/?lang=es#breadcrumb"},"inLanguage":"es","potentialAction":[{"@type":"ReadAction","target":["https:\/\/gabimedi.com\/privacidad\/?lang=es"]}]},{"@type":"BreadcrumbList","@id":"https:\/\/gabimedi.com\/privacidad\/?lang=es#breadcrumb","itemListElement":[{"@type":"ListItem","position":1,"name":"Inici","item":"https:\/\/gabimedi.com\/es\/"},{"@type":"ListItem","position":2,"name":"Privacidad"}]},{"@type":"WebSite","@id":"https:\/\/gabimedi.com\/#website","url":"https:\/\/gabimedi.com\/","name":"Gabimedi","description":"Centres m\u00e8dics i dentals","potentialAction":[{"@type":"SearchAction","target":{"@type":"EntryPoint","urlTemplate":"https:\/\/gabimedi.com\/?s={search_term_string}"},"query-input":"required name=search_term_string"}],"inLanguage":"es"}]}},"_links":{"self":[{"href":"https:\/\/gabimedi.com\/es\/wp-json\/wp\/v2\/pages\/76"}],"collection":[{"href":"https:\/\/gabimedi.com\/es\/wp-json\/wp\/v2\/pages"}],"about":[{"href":"https:\/\/gabimedi.com\/es\/wp-json\/wp\/v2\/types\/page"}],"author":[{"embeddable":true,"href":"https:\/\/gabimedi.com\/es\/wp-json\/wp\/v2\/users\/2"}],"replies":[{"embeddable":true,"href":"https:\/\/gabimedi.com\/es\/wp-json\/wp\/v2\/comments?post=76"}],"version-history":[{"count":1,"href":"https:\/\/gabimedi.com\/es\/wp-json\/wp\/v2\/pages\/76\/revisions"}],"predecessor-version":[{"id":1391,"href":"https:\/\/gabimedi.com\/es\/wp-json\/wp\/v2\/pages\/76\/revisions\/1391"}],"wp:attachment":[{"href":"https:\/\/gabimedi.com\/es\/wp-json\/wp\/v2\/media?parent=76"}],"curies":[{"name":"wp","href":"https:\/\/api.w.org\/{rel}","templated":true}]}}