{"id":856,"date":"2022-07-13T08:31:27","date_gmt":"2022-07-13T08:31:27","guid":{"rendered":"https:\/\/gabimedi.com\/tarjeta-paciente-preferente-tpp\/"},"modified":"2022-10-05T08:53:46","modified_gmt":"2022-10-05T08:53:46","slug":"tarjeta-paciente-preferente-tpp","status":"publish","type":"page","link":"https:\/\/gabimedi.com\/es\/tarjeta-paciente-preferente-tpp\/","title":{"rendered":"Tarjeta Paciente Preferente (TPP)"},"content":{"rendered":"<div class=\"content_centered_logo\"><img decoding=\"async\" src=\"https:\/\/gabimedi.com\/wp-content\/uploads\/2022\/07\/logo-grup-clinic.png\"><\/div>\n<h1 class=\"title_centered\">Tarjeta Paciente Preferente (TPP).<\/h1>\n<div class=\"container patient-card\">\n<div class=\"row patient-card-2-columns-row\">\n<div class=\"col-12 col-md-6 bg-cover patient-card-2-columns-col order-md-2\" style=\"background-image:url('https:\/\/gabimedi.com\/wp-content\/uploads\/2022\/07\/home-tarjeta-cliente-2.jpg')\"><\/div>\n<div class=\"col-12 col-md-6 patient-card-2-columns-col order-md-1\">\n<h3>Grup Cl\u00ednic Selva Maresme<\/h3>\n<p>La TPP pretende ser una tarjeta de fidelizaci\u00f3n para nuestros pacientes que NO disponen de cobertura m\u00e9dica a trav\u00e9s de compa\u00f1\u00eda de seguros, o para aquellos pacientes que a pesar de disponer de una mutua m\u00e9dica, quieren acceder a nuestros servicios privados (p. ej. nuestras cl\u00ednicas dentales&#8230;) a precios preferentes y mejores condiciones.<\/p>\n<div class=\"advantages-claim\">\n                    <img decoding=\"async\" src=\"https:\/\/gabimedi.com\/wp-content\/uploads\/2022\/10\/ventajas-2@2x.png\"><\/div>\n<\/div>\n<\/div>\n<div class=\"row patient-card-3-columns-row\">\n<div class=\"col-12 col-md-4 patient-card-3-columns-col\">\n<div class=\"patient-card-3-columns-image\" style=\"background-image:url('https:\/\/gabimedi.com\/wp-content\/uploads\/2022\/07\/tarjeta-emissio.jpg')\"><\/div>\n<div class=\"patient-card-3-columns-text\">\n<ul>\n<li>Cuota de emisi\u00f3n 40 euros.<\/li>\n<li>Vigencia 3 a\u00f1os desde la fecha de emisi\u00f3n.<\/li>\n<\/ul>\n<\/div>\n<\/div>\n<div class=\"col-12 col-md-4 patient-card-3-columns-col\">\n<div class=\"patient-card-3-columns-image\" style=\"background-image:url('https:\/\/gabimedi.com\/wp-content\/uploads\/2022\/07\/tarjeta-renovacio.jpg')\"><\/div>\n<div class=\"patient-card-3-columns-text\">\n<ul>\n<li>Cuota de renovaci\u00f3n 25eur, vigencia durante 3 a\u00f1os m\u00e1s.<\/li>\n<li>Cobertura para toda la unidad familiar: titular, c\u00f3nyuge e hijos menores de edad.<\/li>\n<\/ul>\n<\/div>\n<\/div>\n<div class=\"col-12 col-md-4 patient-card-3-columns-col\">\n<div class=\"patient-card-3-columns-image\" style=\"background-image:url('https:\/\/gabimedi.com\/wp-content\/uploads\/2022\/07\/tarjeta-servei.jpg')\"><\/div>\n<div class=\"patient-card-3-columns-text\">\n<ul>\n<li>Da acceso a todos nuestros servicios con descuentos especiales y condiciones preferentes.<\/li>\n<li>Contratable exclusivamente en nuestros centros.<\/li>\n<\/ul>\n<\/div>\n<\/div>\n<\/div>\n<\/div>\n<section class=\"gray-bg\">\n<div class=\"container\">\n<div class=\"row\">\n<h2 class=\"paddingVertical40\">Pide nuestra tarjeta Paciente preferente<\/h2>\n<div role=\"form\" class=\"wpcf7\" id=\"wpcf7-f859-o1\" lang=\"es-ES\" dir=\"ltr\">\n<div class=\"screen-reader-response\"><p role=\"status\" aria-live=\"polite\" aria-atomic=\"true\"><\/p> <ul><\/ul><\/div>\n<form action=\"\/es\/wp-json\/wp\/v2\/pages\/856#wpcf7-f859-o1\" method=\"post\" class=\"wpcf7-form init\" novalidate=\"novalidate\" data-status=\"init\">\n<div style=\"display: none;\">\n<input type=\"hidden\" name=\"_wpcf7\" value=\"859\" \/>\n<input type=\"hidden\" name=\"_wpcf7_version\" value=\"5.6.1\" \/>\n<input type=\"hidden\" name=\"_wpcf7_locale\" value=\"es_ES\" \/>\n<input type=\"hidden\" name=\"_wpcf7_unit_tag\" value=\"wpcf7-f859-o1\" \/>\n<input type=\"hidden\" name=\"_wpcf7_container_post\" value=\"0\" \/>\n<input type=\"hidden\" name=\"_wpcf7_posted_data_hash\" value=\"\" \/>\n<input type=\"hidden\" name=\"_wpcf7_recaptcha_response\" value=\"\" \/>\n<\/div>\n<div class=\"container contact-form\">\n<div class=\"row\">\n<div class=\"col\">\n     <span class=\"wpcf7-form-control-wrap\" data-name=\"your-name\"><input type=\"text\" name=\"your-name\" value=\"\" size=\"40\" class=\"wpcf7-form-control wpcf7-text wpcf7-validates-as-required\" aria-required=\"true\" aria-invalid=\"false\" placeholder=\"Nombre\" \/><\/span><\/p>\n<\/div>\n<div class=\"col\">\n      <span class=\"wpcf7-form-control-wrap\" data-name=\"your-surname\"><input type=\"text\" name=\"your-surname\" value=\"\" size=\"40\" class=\"wpcf7-form-control wpcf7-text wpcf7-validates-as-required\" aria-required=\"true\" aria-invalid=\"false\" placeholder=\"Apellido\" \/><\/span><\/p>\n<\/div>\n<\/div>\n<div class=\"row\">\n<div class=\"col\">\n     <span class=\"wpcf7-form-control-wrap\" data-name=\"tel-474\"><input type=\"tel\" name=\"tel-474\" value=\"\" size=\"40\" class=\"wpcf7-form-control wpcf7-text wpcf7-tel wpcf7-validates-as-required wpcf7-validates-as-tel\" aria-required=\"true\" aria-invalid=\"false\" placeholder=\"Tel.Contactos\" \/><\/span><\/p>\n<\/div>\n<div class=\"col\">\n     <span class=\"wpcf7-form-control-wrap\" data-name=\"your-email\"><input type=\"email\" name=\"your-email\" value=\"\" size=\"40\" class=\"wpcf7-form-control wpcf7-text wpcf7-email wpcf7-validates-as-required wpcf7-validates-as-email\" aria-required=\"true\" aria-invalid=\"false\" placeholder=\"Email\" \/><\/span><\/p>\n<\/div>\n<div class=\"col\">\n      <span class=\"wpcf7-form-control-wrap\" data-name=\"adress\"><input type=\"text\" name=\"adress\" value=\"\" size=\"40\" class=\"wpcf7-form-control wpcf7-text wpcf7-validates-as-required\" aria-required=\"true\" aria-invalid=\"false\" placeholder=\"Direcci\u00f3n\" \/><\/span><\/p>\n<\/div>\n<\/div>\n<div class=\"row\">\n<div class=\"col\">\n<h2 class=\"paddingVertical40\">En que centro quieres recogerla?<\/h2>\n<\/div>\n<\/div>\n<div class=\"row\">\n<div class=\"col-4\">\n        <span class=\"wpcf7-form-control-wrap\" data-name=\"menu-322\"><select name=\"menu-322\" class=\"wpcf7-form-control wpcf7-select\" aria-invalid=\"false\"><option value=\"Centro\">Centro<\/option><option value=\"Gabimedi Blanes\">Gabimedi Blanes<\/option><option value=\"Gabimedi Tordera\">Gabimedi Tordera<\/option><option value=\"Gabimedi LLoret\">Gabimedi LLoret<\/option><option value=\"Gabimedi Farnes\">Gabimedi Farnes<\/option><\/select><\/span>\n  <\/div>\n<\/div>\n<div class=\"row\">\n<div class=\"col-4 \">\n<p>         <span class=\"wpcf7-form-control-wrap\" data-name=\"acceptance-815\"><span class=\"wpcf7-form-control wpcf7-acceptance\"><span class=\"wpcf7-list-item\"><input type=\"checkbox\" name=\"acceptance-815\" value=\"1\" aria-invalid=\"false\" \/><\/span><\/span><\/span> acepto el aviso legal y pol\u00edtica de privacidad <\/p>\n<\/div>\n<\/div>\n<div class=\"row\">\n<div class=\"col \">\n<p>         <input type=\"submit\" value=\"Solicitar tarjeta Paciente Preferente\" class=\"wpcf7-form-control has-spinner wpcf7-submit\" \/><\/p>\n<\/div>\n<\/div>\n<div class=\"wpcf7-response-output\" aria-hidden=\"true\"><\/div><\/form><\/div>\n<\/div>\n<\/div>\n<\/section>\n","protected":false},"excerpt":{"rendered":"<p>Tarjeta Paciente Preferente (TPP). Grup Cl\u00ednic Selva Maresme La TPP pretende ser una tarjeta de fidelizaci\u00f3n para nuestros pacientes que NO disponen de cobertura m\u00e9dica a trav\u00e9s de compa\u00f1\u00eda de seguros, o para aquellos pacientes que a pesar de disponer de una mutua m\u00e9dica, quieren acceder a nuestros servicios privados (p. ej. nuestras cl\u00ednicas dentales&#8230;) [&hellip;]<\/p>\n","protected":false},"author":2,"featured_media":505,"parent":0,"menu_order":0,"comment_status":"closed","ping_status":"closed","template":"templates\/generic-pages.php","meta":{"footnotes":""},"acf":[],"yoast_head":"<!-- This site is optimized with the Yoast SEO plugin v19.7.1 - https:\/\/yoast.com\/wordpress\/plugins\/seo\/ -->\n<title>Tarjeta Paciente Preferente (TPP) - Gabimedi<\/title>\n<meta name=\"robots\" content=\"index, follow, max-snippet:-1, max-image-preview:large, max-video-preview:-1\" \/>\n<link rel=\"canonical\" href=\"https:\/\/gabimedi.com\/tarjeta-paciente-preferente-tpp\/?lang=es\" \/>\n<meta property=\"og:locale\" content=\"es_ES\" \/>\n<meta property=\"og:type\" content=\"article\" \/>\n<meta property=\"og:title\" content=\"Tarjeta Paciente Preferente (TPP) - Gabimedi\" \/>\n<meta property=\"og:description\" content=\"Tarjeta Paciente Preferente (TPP). Grup Cl\u00ednic Selva Maresme La TPP pretende ser una tarjeta de fidelizaci\u00f3n para nuestros pacientes que NO disponen de cobertura m\u00e9dica a trav\u00e9s de compa\u00f1\u00eda de seguros, o para aquellos pacientes que a pesar de disponer de una mutua m\u00e9dica, quieren acceder a nuestros servicios privados (p. ej. nuestras cl\u00ednicas dentales&#8230;) [&hellip;]\" \/>\n<meta property=\"og:url\" content=\"https:\/\/gabimedi.com\/tarjeta-paciente-preferente-tpp\/?lang=es\" \/>\n<meta property=\"og:site_name\" content=\"Gabimedi\" \/>\n<meta property=\"article:modified_time\" content=\"2022-10-05T08:53:46+00:00\" \/>\n<meta property=\"og:image\" content=\"https:\/\/gabimedi.com\/wp-content\/uploads\/2022\/07\/tarjeta-paciente-1-scaled.jpg\" \/>\n\t<meta property=\"og:image:width\" content=\"2560\" \/>\n\t<meta property=\"og:image:height\" content=\"892\" \/>\n\t<meta property=\"og:image:type\" content=\"image\/jpeg\" \/>\n<meta name=\"twitter:card\" content=\"summary_large_image\" \/>\n<meta name=\"twitter:label1\" content=\"Tiempo de lectura\" \/>\n\t<meta name=\"twitter:data1\" content=\"2 minutos\" \/>\n<script type=\"application\/ld+json\" class=\"yoast-schema-graph\">{\"@context\":\"https:\/\/schema.org\",\"@graph\":[{\"@type\":\"WebPage\",\"@id\":\"https:\/\/gabimedi.com\/tarjeta-paciente-preferente-tpp\/?lang=es\",\"url\":\"https:\/\/gabimedi.com\/tarjeta-paciente-preferente-tpp\/?lang=es\",\"name\":\"Tarjeta Paciente Preferente (TPP) - Gabimedi\",\"isPartOf\":{\"@id\":\"https:\/\/gabimedi.com\/#website\"},\"datePublished\":\"2022-07-13T08:31:27+00:00\",\"dateModified\":\"2022-10-05T08:53:46+00:00\",\"breadcrumb\":{\"@id\":\"https:\/\/gabimedi.com\/tarjeta-paciente-preferente-tpp\/?lang=es#breadcrumb\"},\"inLanguage\":\"es\",\"potentialAction\":[{\"@type\":\"ReadAction\",\"target\":[\"https:\/\/gabimedi.com\/tarjeta-paciente-preferente-tpp\/?lang=es\"]}]},{\"@type\":\"BreadcrumbList\",\"@id\":\"https:\/\/gabimedi.com\/tarjeta-paciente-preferente-tpp\/?lang=es#breadcrumb\",\"itemListElement\":[{\"@type\":\"ListItem\",\"position\":1,\"name\":\"Inici\",\"item\":\"https:\/\/gabimedi.com\/es\/\"},{\"@type\":\"ListItem\",\"position\":2,\"name\":\"Tarjeta Paciente Preferente (TPP)\"}]},{\"@type\":\"WebSite\",\"@id\":\"https:\/\/gabimedi.com\/#website\",\"url\":\"https:\/\/gabimedi.com\/\",\"name\":\"Gabimedi\",\"description\":\"Centres m\u00e8dics i dentals\",\"potentialAction\":[{\"@type\":\"SearchAction\",\"target\":{\"@type\":\"EntryPoint\",\"urlTemplate\":\"https:\/\/gabimedi.com\/?s={search_term_string}\"},\"query-input\":\"required name=search_term_string\"}],\"inLanguage\":\"es\"}]}<\/script>\n<!-- \/ Yoast SEO plugin. -->","yoast_head_json":{"title":"Tarjeta Paciente Preferente (TPP) - Gabimedi","robots":{"index":"index","follow":"follow","max-snippet":"max-snippet:-1","max-image-preview":"max-image-preview:large","max-video-preview":"max-video-preview:-1"},"canonical":"https:\/\/gabimedi.com\/tarjeta-paciente-preferente-tpp\/?lang=es","og_locale":"es_ES","og_type":"article","og_title":"Tarjeta Paciente Preferente (TPP) - Gabimedi","og_description":"Tarjeta Paciente Preferente (TPP). Grup Cl\u00ednic Selva Maresme La TPP pretende ser una tarjeta de fidelizaci\u00f3n para nuestros pacientes que NO disponen de cobertura m\u00e9dica a trav\u00e9s de compa\u00f1\u00eda de seguros, o para aquellos pacientes que a pesar de disponer de una mutua m\u00e9dica, quieren acceder a nuestros servicios privados (p. ej. nuestras cl\u00ednicas dentales&#8230;) [&hellip;]","og_url":"https:\/\/gabimedi.com\/tarjeta-paciente-preferente-tpp\/?lang=es","og_site_name":"Gabimedi","article_modified_time":"2022-10-05T08:53:46+00:00","og_image":[{"width":2560,"height":892,"url":"https:\/\/gabimedi.com\/wp-content\/uploads\/2022\/07\/tarjeta-paciente-1-scaled.jpg","type":"image\/jpeg"}],"twitter_card":"summary_large_image","twitter_misc":{"Tiempo de lectura":"2 minutos"},"schema":{"@context":"https:\/\/schema.org","@graph":[{"@type":"WebPage","@id":"https:\/\/gabimedi.com\/tarjeta-paciente-preferente-tpp\/?lang=es","url":"https:\/\/gabimedi.com\/tarjeta-paciente-preferente-tpp\/?lang=es","name":"Tarjeta Paciente Preferente (TPP) - Gabimedi","isPartOf":{"@id":"https:\/\/gabimedi.com\/#website"},"datePublished":"2022-07-13T08:31:27+00:00","dateModified":"2022-10-05T08:53:46+00:00","breadcrumb":{"@id":"https:\/\/gabimedi.com\/tarjeta-paciente-preferente-tpp\/?lang=es#breadcrumb"},"inLanguage":"es","potentialAction":[{"@type":"ReadAction","target":["https:\/\/gabimedi.com\/tarjeta-paciente-preferente-tpp\/?lang=es"]}]},{"@type":"BreadcrumbList","@id":"https:\/\/gabimedi.com\/tarjeta-paciente-preferente-tpp\/?lang=es#breadcrumb","itemListElement":[{"@type":"ListItem","position":1,"name":"Inici","item":"https:\/\/gabimedi.com\/es\/"},{"@type":"ListItem","position":2,"name":"Tarjeta Paciente Preferente (TPP)"}]},{"@type":"WebSite","@id":"https:\/\/gabimedi.com\/#website","url":"https:\/\/gabimedi.com\/","name":"Gabimedi","description":"Centres m\u00e8dics i dentals","potentialAction":[{"@type":"SearchAction","target":{"@type":"EntryPoint","urlTemplate":"https:\/\/gabimedi.com\/?s={search_term_string}"},"query-input":"required name=search_term_string"}],"inLanguage":"es"}]}},"_links":{"self":[{"href":"https:\/\/gabimedi.com\/es\/wp-json\/wp\/v2\/pages\/856"}],"collection":[{"href":"https:\/\/gabimedi.com\/es\/wp-json\/wp\/v2\/pages"}],"about":[{"href":"https:\/\/gabimedi.com\/es\/wp-json\/wp\/v2\/types\/page"}],"author":[{"embeddable":true,"href":"https:\/\/gabimedi.com\/es\/wp-json\/wp\/v2\/users\/2"}],"replies":[{"embeddable":true,"href":"https:\/\/gabimedi.com\/es\/wp-json\/wp\/v2\/comments?post=856"}],"version-history":[{"count":5,"href":"https:\/\/gabimedi.com\/es\/wp-json\/wp\/v2\/pages\/856\/revisions"}],"predecessor-version":[{"id":1551,"href":"https:\/\/gabimedi.com\/es\/wp-json\/wp\/v2\/pages\/856\/revisions\/1551"}],"wp:featuredmedia":[{"embeddable":true,"href":"https:\/\/gabimedi.com\/es\/wp-json\/wp\/v2\/media\/505"}],"wp:attachment":[{"href":"https:\/\/gabimedi.com\/es\/wp-json\/wp\/v2\/media?parent=856"}],"curies":[{"name":"wp","href":"https:\/\/api.w.org\/{rel}","templated":true}]}}